{"id":5835,"date":"2024-03-25T09:05:00","date_gmt":"2024-03-25T08:05:00","guid":{"rendered":"https:\/\/konzertfreunde.com\/produkt\/andrii-pokaz-el-famoso-pianista-nos-sorprende-con-variaciones-que-van-de-lo-clasico-al-jazz\/"},"modified":"2024-03-25T09:21:01","modified_gmt":"2024-03-25T08:21:01","slug":"andrii-pokaz-el-famoso-pianista-nos-sorprende-con-variaciones-que-van-de-lo-clasico-al-jazz","status":"publish","type":"product","link":"https:\/\/konzertfreunde.com\/es\/produkt\/andrii-pokaz-el-famoso-pianista-nos-sorprende-con-variaciones-que-van-de-lo-clasico-al-jazz\/","title":{"rendered":"Andrii Pokaz, el famoso pianista nos sorprende con variaciones que van de lo cl\u00e1sico al&nbsp;jazz"},"content":{"rendered":"<p><span class=\"--l sentence_highlight\">Acomp\u00e1\u00ad\u00f1e\u00adnos en un crucero,<\/span><span class=\"--r sentence_highlight\"><br>\n<\/span><\/p>\n<p><span class=\"--l --r sentence_highlight\">Ent\u00adre los ami\u00adgos de los cru\u00adce\u00adros est\u00e1 ANDRII POKAZ, un cono\u00adci\u00addo pia\u00adni\u00ads\u00adta. <\/span><span class=\"--l --r sentence_highlight\">Est\u00e1 de vaca\u00adcio\u00adnes y&nbsp;duran\u00adte este tiem\u00adpo act\u00faa en D\u00e9nia. <\/span><span class=\"--l --r sentence_highlight\">Su se\u00f1a de ident\u00adi\u00addad: <\/span><span class=\"--l sentence_highlight\">Impro\u00advi\u00adsa\u00adci\u00f3n sob\u00adre obras musi\u00adcal\u00ades populares<\/span><\/p>\n<p><span class=\"--l sentence_highlight\">Par\u00adte 1: Beet\u00adho\u00adven, Cho\u00adpin y&nbsp;el arte de la impro\u00advi\u00adsa\u00adci\u00f3n, en direc\u00adto al&nbsp;piano<\/span><\/p>\n<p><span class=\"--l sentence_highlight\">Par\u00adte 2: Impro\u00advi\u00adsa\u00adci\u00f3n en direc\u00adto sob\u00adre \u00e9xi\u00adtos cono\u00adci\u00addos del jazz&nbsp;como<\/span><\/p>\n<ul>\n<li>Fly me to the&nbsp;moon<\/li>\n<li>Moon river<\/li>\n<li>Sum\u00admer\u00adti\u00adme<\/li>\n<li>My fun\u00adny valentine<\/li>\n<li>Girl from Ipanema<\/li>\n<li>My way<\/li>\n<\/ul>\n","protected":false},"excerpt":{"rendered":"<p>Acomp\u00e1\u00ad\u00f1e\u00adnos en un cru\u00adce\u00adro, Ent\u00adre los ami\u00adgos de los cru\u00adce\u00adros est\u00e1 ANDRII POKAZ, un cono\u00adci\u00addo pia\u00adni\u00ads\u00adta. Est\u00e1 de vaca\u00adcio\u00adnes y&nbsp;duran\u00adte este tiem\u00adpo act\u00faa en D\u00e9nia. Su se\u00f1a de ident\u00adi\u00addad: Impro\u00advi\u00adsa\u00adci\u00f3n sob\u00adre obras musi\u00adcal\u00ades popu\u00adla\u00adres Par\u00adte 1: Beet\u00adho\u00adven, Cho\u00adpin y&nbsp;el arte de la impro\u00advi\u00adsa\u00adci\u00f3n, en direc\u00adto al&nbsp;pia\u00adno Par\u00adte 2: Impro\u00advi\u00adsa\u00adci\u00f3n en direc\u00adto sob\u00adre \u00e9xi\u00adtos cono\u00adci\u00addos&nbsp;del&nbsp;[\u2026]<\/p>\n","protected":false},"featured_media":5834,"template":"","meta":{"wp_typography_post_enhancements_disabled":false,"ngg_post_thumbnail":0},"product_brand":[],"product_cat":[86],"product_tag":[],"class_list":{"0":"post-5835","1":"product","2":"type-product","3":"status-publish","4":"has-post-thumbnail","6":"product_cat-conciertos-sala","8":"first","9":"instock","10":"virtual","11":"taxable","12":"purchasable","13":"product-type-simple"},"yoast_head":"<!-- This site is optimized with the Yoast SEO plugin v27.3 - https:\/\/yoast.com\/product\/yoast-seo-wordpress\/ -->\n<title>Andrii Pokaz, el famoso pianista nos sorprende con variaciones que van de lo cl\u00e1sico al jazz - Konzertfreunde Costa Blanca<\/title>\n<meta name=\"robots\" content=\"index, follow, max-snippet:-1, max-image-preview:large, max-video-preview:-1\" \/>\n<link rel=\"canonical\" href=\"https:\/\/konzertfreunde.com\/es\/produkt\/andrii-pokaz-el-famoso-pianista-nos-sorprende-con-variaciones-que-van-de-lo-clasico-al-jazz\/\" \/>\n<meta property=\"og:locale\" content=\"es_ES\" \/>\n<meta property=\"og:type\" content=\"article\" \/>\n<meta property=\"og:title\" content=\"Andrii Pokaz, el famoso pianista nos sorprende con variaciones que van de lo cl\u00e1sico al jazz - Konzertfreunde Costa Blanca\" \/>\n<meta property=\"og:description\" content=\"Acomp\u00e1\u00ad\u00f1e\u00adnos en un crucero, Ent\u00adre los ami\u00adgos de los cru\u00adce\u00adros est\u00e1 ANDRII POKAZ, un cono\u00adci\u00addo pia\u00adni\u00ads\u00adta. Est\u00e1 de vaca\u00adcio\u00adnes y&nbsp;duran\u00adte este tiem\u00adpo act\u00faa en D\u00e9nia. Su se\u00f1a de ident\u00adi\u00addad: Impro\u00advi\u00adsa\u00adci\u00f3n sob\u00adre obras musi\u00adcal\u00ades populares Par\u00adte 1: Beet\u00adho\u00adven, Cho\u00adpin y&nbsp;el arte de la impro\u00advi\u00adsa\u00adci\u00f3n, en direc\u00adto al&nbsp;piano Par\u00adte 2: Impro\u00advi\u00adsa\u00adci\u00f3n en direc\u00adto sob\u00adre \u00e9xi\u00adtos cono\u00adci\u00addos del [&hellip;]\" \/>\n<meta property=\"og:url\" content=\"https:\/\/konzertfreunde.com\/es\/produkt\/andrii-pokaz-el-famoso-pianista-nos-sorprende-con-variaciones-que-van-de-lo-clasico-al-jazz\/\" \/>\n<meta property=\"og:site_name\" content=\"Konzertfreunde Costa Blanca\" \/>\n<meta property=\"article:publisher\" content=\"https:\/\/www.facebook.com\/groups\/konzertfreundecostablanca\" \/>\n<meta property=\"article:modified_time\" content=\"2024-03-25T08:21:01+00:00\" \/>\n<meta property=\"og:image\" content=\"https:\/\/konzertfreunde.com\/wp-content\/uploads\/2024\/03\/ANDRII-POKAZ_piano_1-Kopie-e1711354839581.jpeg\" \/>\n\t<meta property=\"og:image:width\" content=\"1066\" \/>\n\t<meta property=\"og:image:height\" content=\"957\" \/>\n\t<meta property=\"og:image:type\" content=\"image\/jpeg\" \/>\n<meta name=\"twitter:card\" content=\"summary_large_image\" \/>\n<script type=\"application\/ld+json\" class=\"yoast-schema-graph\">{\"@context\":\"https:\\\/\\\/schema.org\",\"@graph\":[{\"@type\":\"WebPage\",\"@id\":\"https:\\\/\\\/konzertfreunde.com\\\/es\\\/produkt\\\/andrii-pokaz-el-famoso-pianista-nos-sorprende-con-variaciones-que-van-de-lo-clasico-al-jazz\\\/\",\"url\":\"https:\\\/\\\/konzertfreunde.com\\\/es\\\/produkt\\\/andrii-pokaz-el-famoso-pianista-nos-sorprende-con-variaciones-que-van-de-lo-clasico-al-jazz\\\/\",\"name\":\"Andrii Pokaz, el famoso pianista nos sorprende con variaciones que van de lo cl\u00e1sico al jazz - Konzertfreunde Costa Blanca\",\"isPartOf\":{\"@id\":\"https:\\\/\\\/konzertfreunde.com\\\/es\\\/#website\"},\"primaryImageOfPage\":{\"@id\":\"https:\\\/\\\/konzertfreunde.com\\\/es\\\/produkt\\\/andrii-pokaz-el-famoso-pianista-nos-sorprende-con-variaciones-que-van-de-lo-clasico-al-jazz\\\/#primaryimage\"},\"image\":{\"@id\":\"https:\\\/\\\/konzertfreunde.com\\\/es\\\/produkt\\\/andrii-pokaz-el-famoso-pianista-nos-sorprende-con-variaciones-que-van-de-lo-clasico-al-jazz\\\/#primaryimage\"},\"thumbnailUrl\":\"https:\\\/\\\/konzertfreunde.com\\\/wp-content\\\/uploads\\\/2024\\\/03\\\/ANDRII-POKAZ_piano_1-Kopie-e1711354839581.jpeg\",\"datePublished\":\"2024-03-25T08:05:00+00:00\",\"dateModified\":\"2024-03-25T08:21:01+00:00\",\"breadcrumb\":{\"@id\":\"https:\\\/\\\/konzertfreunde.com\\\/es\\\/produkt\\\/andrii-pokaz-el-famoso-pianista-nos-sorprende-con-variaciones-que-van-de-lo-clasico-al-jazz\\\/#breadcrumb\"},\"inLanguage\":\"es\",\"potentialAction\":[{\"@type\":\"ReadAction\",\"target\":[\"https:\\\/\\\/konzertfreunde.com\\\/es\\\/produkt\\\/andrii-pokaz-el-famoso-pianista-nos-sorprende-con-variaciones-que-van-de-lo-clasico-al-jazz\\\/\"]}]},{\"@type\":\"ImageObject\",\"inLanguage\":\"es\",\"@id\":\"https:\\\/\\\/konzertfreunde.com\\\/es\\\/produkt\\\/andrii-pokaz-el-famoso-pianista-nos-sorprende-con-variaciones-que-van-de-lo-clasico-al-jazz\\\/#primaryimage\",\"url\":\"https:\\\/\\\/konzertfreunde.com\\\/wp-content\\\/uploads\\\/2024\\\/03\\\/ANDRII-POKAZ_piano_1-Kopie-e1711354839581.jpeg\",\"contentUrl\":\"https:\\\/\\\/konzertfreunde.com\\\/wp-content\\\/uploads\\\/2024\\\/03\\\/ANDRII-POKAZ_piano_1-Kopie-e1711354839581.jpeg\",\"width\":1066,\"height\":957},{\"@type\":\"BreadcrumbList\",\"@id\":\"https:\\\/\\\/konzertfreunde.com\\\/es\\\/produkt\\\/andrii-pokaz-el-famoso-pianista-nos-sorprende-con-variaciones-que-van-de-lo-clasico-al-jazz\\\/#breadcrumb\",\"itemListElement\":[{\"@type\":\"ListItem\",\"position\":1,\"name\":\"Startseite\",\"item\":\"https:\\\/\\\/konzertfreunde.com\\\/es\\\/inicio\\\/\"},{\"@type\":\"ListItem\",\"position\":2,\"name\":\"Tienda\",\"item\":\"https:\\\/\\\/konzertfreunde.com\\\/es\\\/tienda\\\/\"},{\"@type\":\"ListItem\",\"position\":3,\"name\":\"Andrii Pokaz, el famoso pianista nos sorprende con variaciones que van de lo cl\u00e1sico al jazz\"}]},{\"@type\":\"WebSite\",\"@id\":\"https:\\\/\\\/konzertfreunde.com\\\/es\\\/#website\",\"url\":\"https:\\\/\\\/konzertfreunde.com\\\/es\\\/\",\"name\":\"Konzertfreunde Costa Blanca\",\"description\":\"Kultur an der Costa Blanca\",\"publisher\":{\"@id\":\"https:\\\/\\\/konzertfreunde.com\\\/es\\\/#organization\"},\"potentialAction\":[{\"@type\":\"SearchAction\",\"target\":{\"@type\":\"EntryPoint\",\"urlTemplate\":\"https:\\\/\\\/konzertfreunde.com\\\/es\\\/?s={search_term_string}\"},\"query-input\":{\"@type\":\"PropertyValueSpecification\",\"valueRequired\":true,\"valueName\":\"search_term_string\"}}],\"inLanguage\":\"es\"},{\"@type\":\"Organization\",\"@id\":\"https:\\\/\\\/konzertfreunde.com\\\/es\\\/#organization\",\"name\":\"Konzertfreunde Costa Blanca\",\"url\":\"https:\\\/\\\/konzertfreunde.com\\\/es\\\/\",\"logo\":{\"@type\":\"ImageObject\",\"inLanguage\":\"es\",\"@id\":\"https:\\\/\\\/konzertfreunde.com\\\/es\\\/#\\\/schema\\\/logo\\\/image\\\/\",\"url\":\"https:\\\/\\\/konzertfreunde.com\\\/wp-content\\\/uploads\\\/2021\\\/09\\\/weblogo.jpg\",\"contentUrl\":\"https:\\\/\\\/konzertfreunde.com\\\/wp-content\\\/uploads\\\/2021\\\/09\\\/weblogo.jpg\",\"width\":500,\"height\":146,\"caption\":\"Konzertfreunde Costa Blanca\"},\"image\":{\"@id\":\"https:\\\/\\\/konzertfreunde.com\\\/es\\\/#\\\/schema\\\/logo\\\/image\\\/\"},\"sameAs\":[\"https:\\\/\\\/www.facebook.com\\\/groups\\\/konzertfreundecostablanca\"]}]}<\/script>\n<!-- \/ Yoast SEO plugin. -->","yoast_head_json":{"title":"Andrii Pokaz, el famoso pianista nos sorprende con variaciones que van de lo cl\u00e1sico al jazz - Konzertfreunde Costa Blanca","robots":{"index":"index","follow":"follow","max-snippet":"max-snippet:-1","max-image-preview":"max-image-preview:large","max-video-preview":"max-video-preview:-1"},"canonical":"https:\/\/konzertfreunde.com\/es\/produkt\/andrii-pokaz-el-famoso-pianista-nos-sorprende-con-variaciones-que-van-de-lo-clasico-al-jazz\/","og_locale":"es_ES","og_type":"article","og_title":"Andrii Pokaz, el famoso pianista nos sorprende con variaciones que van de lo cl\u00e1sico al jazz - Konzertfreunde Costa Blanca","og_description":"Acomp\u00e1\u00ad\u00f1e\u00adnos en un crucero, Ent\u00adre los ami\u00adgos de los cru\u00adce\u00adros est\u00e1 ANDRII POKAZ, un cono\u00adci\u00addo pia\u00adni\u00ads\u00adta. Est\u00e1 de vaca\u00adcio\u00adnes y&nbsp;duran\u00adte este tiem\u00adpo act\u00faa en D\u00e9nia. Su se\u00f1a de ident\u00adi\u00addad: Impro\u00advi\u00adsa\u00adci\u00f3n sob\u00adre obras musi\u00adcal\u00ades populares Par\u00adte 1: Beet\u00adho\u00adven, Cho\u00adpin y&nbsp;el arte de la impro\u00advi\u00adsa\u00adci\u00f3n, en direc\u00adto al&nbsp;piano Par\u00adte 2: Impro\u00advi\u00adsa\u00adci\u00f3n en direc\u00adto sob\u00adre \u00e9xi\u00adtos cono\u00adci\u00addos del [&hellip;]","og_url":"https:\/\/konzertfreunde.com\/es\/produkt\/andrii-pokaz-el-famoso-pianista-nos-sorprende-con-variaciones-que-van-de-lo-clasico-al-jazz\/","og_site_name":"Konzertfreunde Costa Blanca","article_publisher":"https:\/\/www.facebook.com\/groups\/konzertfreundecostablanca","article_modified_time":"2024-03-25T08:21:01+00:00","og_image":[{"width":1066,"height":957,"url":"https:\/\/konzertfreunde.com\/wp-content\/uploads\/2024\/03\/ANDRII-POKAZ_piano_1-Kopie-e1711354839581.jpeg","type":"image\/jpeg"}],"twitter_card":"summary_large_image","schema":{"@context":"https:\/\/schema.org","@graph":[{"@type":"WebPage","@id":"https:\/\/konzertfreunde.com\/es\/produkt\/andrii-pokaz-el-famoso-pianista-nos-sorprende-con-variaciones-que-van-de-lo-clasico-al-jazz\/","url":"https:\/\/konzertfreunde.com\/es\/produkt\/andrii-pokaz-el-famoso-pianista-nos-sorprende-con-variaciones-que-van-de-lo-clasico-al-jazz\/","name":"Andrii Pokaz, el famoso pianista nos sorprende con variaciones que van de lo cl\u00e1sico al jazz - Konzertfreunde Costa Blanca","isPartOf":{"@id":"https:\/\/konzertfreunde.com\/es\/#website"},"primaryImageOfPage":{"@id":"https:\/\/konzertfreunde.com\/es\/produkt\/andrii-pokaz-el-famoso-pianista-nos-sorprende-con-variaciones-que-van-de-lo-clasico-al-jazz\/#primaryimage"},"image":{"@id":"https:\/\/konzertfreunde.com\/es\/produkt\/andrii-pokaz-el-famoso-pianista-nos-sorprende-con-variaciones-que-van-de-lo-clasico-al-jazz\/#primaryimage"},"thumbnailUrl":"https:\/\/konzertfreunde.com\/wp-content\/uploads\/2024\/03\/ANDRII-POKAZ_piano_1-Kopie-e1711354839581.jpeg","datePublished":"2024-03-25T08:05:00+00:00","dateModified":"2024-03-25T08:21:01+00:00","breadcrumb":{"@id":"https:\/\/konzertfreunde.com\/es\/produkt\/andrii-pokaz-el-famoso-pianista-nos-sorprende-con-variaciones-que-van-de-lo-clasico-al-jazz\/#breadcrumb"},"inLanguage":"es","potentialAction":[{"@type":"ReadAction","target":["https:\/\/konzertfreunde.com\/es\/produkt\/andrii-pokaz-el-famoso-pianista-nos-sorprende-con-variaciones-que-van-de-lo-clasico-al-jazz\/"]}]},{"@type":"ImageObject","inLanguage":"es","@id":"https:\/\/konzertfreunde.com\/es\/produkt\/andrii-pokaz-el-famoso-pianista-nos-sorprende-con-variaciones-que-van-de-lo-clasico-al-jazz\/#primaryimage","url":"https:\/\/konzertfreunde.com\/wp-content\/uploads\/2024\/03\/ANDRII-POKAZ_piano_1-Kopie-e1711354839581.jpeg","contentUrl":"https:\/\/konzertfreunde.com\/wp-content\/uploads\/2024\/03\/ANDRII-POKAZ_piano_1-Kopie-e1711354839581.jpeg","width":1066,"height":957},{"@type":"BreadcrumbList","@id":"https:\/\/konzertfreunde.com\/es\/produkt\/andrii-pokaz-el-famoso-pianista-nos-sorprende-con-variaciones-que-van-de-lo-clasico-al-jazz\/#breadcrumb","itemListElement":[{"@type":"ListItem","position":1,"name":"Startseite","item":"https:\/\/konzertfreunde.com\/es\/inicio\/"},{"@type":"ListItem","position":2,"name":"Tienda","item":"https:\/\/konzertfreunde.com\/es\/tienda\/"},{"@type":"ListItem","position":3,"name":"Andrii Pokaz, el famoso pianista nos sorprende con variaciones que van de lo cl\u00e1sico al jazz"}]},{"@type":"WebSite","@id":"https:\/\/konzertfreunde.com\/es\/#website","url":"https:\/\/konzertfreunde.com\/es\/","name":"Konzertfreunde Costa Blanca","description":"Kultur an der Costa Blanca","publisher":{"@id":"https:\/\/konzertfreunde.com\/es\/#organization"},"potentialAction":[{"@type":"SearchAction","target":{"@type":"EntryPoint","urlTemplate":"https:\/\/konzertfreunde.com\/es\/?s={search_term_string}"},"query-input":{"@type":"PropertyValueSpecification","valueRequired":true,"valueName":"search_term_string"}}],"inLanguage":"es"},{"@type":"Organization","@id":"https:\/\/konzertfreunde.com\/es\/#organization","name":"Konzertfreunde Costa Blanca","url":"https:\/\/konzertfreunde.com\/es\/","logo":{"@type":"ImageObject","inLanguage":"es","@id":"https:\/\/konzertfreunde.com\/es\/#\/schema\/logo\/image\/","url":"https:\/\/konzertfreunde.com\/wp-content\/uploads\/2021\/09\/weblogo.jpg","contentUrl":"https:\/\/konzertfreunde.com\/wp-content\/uploads\/2021\/09\/weblogo.jpg","width":500,"height":146,"caption":"Konzertfreunde Costa Blanca"},"image":{"@id":"https:\/\/konzertfreunde.com\/es\/#\/schema\/logo\/image\/"},"sameAs":["https:\/\/www.facebook.com\/groups\/konzertfreundecostablanca"]}]}},"_links":{"self":[{"href":"https:\/\/konzertfreunde.com\/es\/wp-json\/wp\/v2\/product\/5835","targetHints":{"allow":["GET"]}}],"collection":[{"href":"https:\/\/konzertfreunde.com\/es\/wp-json\/wp\/v2\/product"}],"about":[{"href":"https:\/\/konzertfreunde.com\/es\/wp-json\/wp\/v2\/types\/product"}],"wp:featuredmedia":[{"embeddable":true,"href":"https:\/\/konzertfreunde.com\/es\/wp-json\/wp\/v2\/media\/5834"}],"wp:attachment":[{"href":"https:\/\/konzertfreunde.com\/es\/wp-json\/wp\/v2\/media?parent=5835"}],"wp:term":[{"taxonomy":"product_brand","embeddable":true,"href":"https:\/\/konzertfreunde.com\/es\/wp-json\/wp\/v2\/product_brand?post=5835"},{"taxonomy":"product_cat","embeddable":true,"href":"https:\/\/konzertfreunde.com\/es\/wp-json\/wp\/v2\/product_cat?post=5835"},{"taxonomy":"product_tag","embeddable":true,"href":"https:\/\/konzertfreunde.com\/es\/wp-json\/wp\/v2\/product_tag?post=5835"}],"curies":[{"name":"wp","href":"https:\/\/api.w.org\/{rel}","templated":true}]}}