{"id":609,"date":"2021-09-03T11:38:15","date_gmt":"2021-09-03T09:38:15","guid":{"rendered":"https:\/\/konzertfreunde.com\/accueil\/"},"modified":"2025-09-01T11:35:46","modified_gmt":"2025-09-01T09:35:46","slug":"accueil","status":"publish","type":"page","link":"https:\/\/konzertfreunde.com\/fr\/","title":{"rendered":"Accueil"},"content":{"rendered":"\t\t<div data-elementor-type=\"wp-page\" data-elementor-id=\"609\" class=\"elementor elementor-609 elementor-28\" data-elementor-settings=\"{&quot;ha_cmc_init_switcher&quot;:&quot;no&quot;}\">\n\t\t\t\t\t\t<section class=\"elementor-section elementor-top-section elementor-element elementor-element-011fcdf elementor-reverse-mobile elementor-section-height-min-height elementor-section-boxed elementor-section-height-default elementor-section-items-middle\" data-id=\"011fcdf\" data-element_type=\"section\" data-e-type=\"section\" data-settings=\"{&quot;_ha_eqh_enable&quot;:false}\">\n\t\t\t\t\t\t<div class=\"elementor-container elementor-column-gap-wider\">\n\t\t\t\t\t<div class=\"elementor-column elementor-col-50 elementor-top-column elementor-element elementor-element-636adf2\" data-id=\"636adf2\" data-element_type=\"column\" data-e-type=\"column\">\n\t\t\t<div class=\"elementor-widget-wrap elementor-element-populated\">\n\t\t\t\t\t\t<div class=\"elementor-element elementor-element-787e56f elementor-widget elementor-widget-heading\" data-id=\"787e56f\" data-element_type=\"widget\" data-e-type=\"widget\" data-widget_type=\"heading.default\">\n\t\t\t\t<div class=\"elementor-widget-container\">\n\t\t\t\t\t<h2 class=\"elementor-heading-title elementor-size-default\">Bienvenue aux Amis du Concert<\/h2>\t\t\t\t<\/div>\n\t\t\t\t<\/div>\n\t\t\t\t<div class=\"elementor-element elementor-element-33d3bf7 elementor-widget elementor-widget-text-editor\" data-id=\"33d3bf7\" data-element_type=\"widget\" data-e-type=\"widget\" data-widget_type=\"text-editor.default\">\n\t\t\t\t<div class=\"elementor-widget-container\">\n\t\t\t\t\t\t\t\t\t<p>Un cor\u00addi\u00adal bon\u00adjour, chers amis du concert&nbsp;!<\/p><p>Bien\u00adve\u00adnue \u2013 ici sur nos pages web et, bien s\u00fbr, sur\u00adtout \u2013 dans la salle de concert.<\/p>\t\t\t\t\t\t\t\t<\/div>\n\t\t\t\t<\/div>\n\t\t\t\t<div class=\"dce-visibility-event elementor-element elementor-element-00c4a61 elementor-widget elementor-widget-button\" data-id=\"00c4a61\" data-element_type=\"widget\" data-e-type=\"widget\" data-settings=\"{&quot;enabled_visibility&quot;:&quot;yes&quot;,&quot;dce_visibility_selected&quot;:&quot;yes&quot;}\" data-widget_type=\"button.default\">\n\t\t\t\t<div class=\"elementor-widget-container\">\n\t\t\t\t\t\t\t\t\t<div class=\"elementor-button-wrapper\">\n\t\t\t\t\t<a class=\"elementor-button elementor-button-link elementor-size-md\" href=\"https:\/\/konzertfreunde.com\/fr\/a-propos-de-nous\/\">\n\t\t\t\t\t\t<span class=\"elementor-button-content-wrapper\">\n\t\t\t\t\t\t<span class=\"elementor-button-icon\">\n\t\t\t\t<i aria-hidden=\"true\" class=\"fas fa-arrow-right\"><\/i>\t\t\t<\/span>\n\t\t\t\t\t\t\t\t\t<span class=\"elementor-button-text\">Lire la&nbsp;suite<\/span>\n\t\t\t\t\t<\/span>\n\t\t\t\t\t<\/a>\n\t\t\t\t<\/div>\n\t\t\t\t\t\t\t\t<\/div>\n\t\t\t\t<\/div>\n\t\t<!-- dce invisible element 85de75f -->\t\t<div class=\"elementor-element elementor-element-abc376c elementor-widget elementor-widget-spacer\" data-id=\"abc376c\" data-element_type=\"widget\" data-e-type=\"widget\" data-widget_type=\"spacer.default\">\n\t\t\t\t<div class=\"elementor-widget-container\">\n\t\t\t\t\t\t\t<div class=\"elementor-spacer\">\n\t\t\t<div class=\"elementor-spacer-inner\"><\/div>\n\t\t<\/div>\n\t\t\t\t\t\t<\/div>\n\t\t\t\t<\/div>\n\t\t\t\t\t<\/div>\n\t\t<\/div>\n\t\t\t\t<div class=\"elementor-column elementor-col-50 elementor-top-column elementor-element elementor-element-67fcae0\" data-id=\"67fcae0\" data-element_type=\"column\" data-e-type=\"column\">\n\t\t\t<div class=\"elementor-widget-wrap elementor-element-populated\">\n\t\t\t\t\t\t<div class=\"elementor-element elementor-element-7018647 elementor-widget elementor-widget-image\" data-id=\"7018647\" data-element_type=\"widget\" data-e-type=\"widget\" data-widget_type=\"image.default\">\n\t\t\t\t<div class=\"elementor-widget-container\">\n\t\t\t\t\t\t\t\t\t\t\t\t\t\t\t<img fetchpriority=\"high\" decoding=\"async\" width=\"768\" height=\"512\" src=\"https:\/\/konzertfreunde.com\/wp-content\/uploads\/2021\/08\/ilse_kuebler.webp\" class=\"attachment-large size-large wp-image-610\" alt srcset=\"https:\/\/konzertfreunde.com\/wp-content\/uploads\/2021\/08\/ilse_kuebler.webp 768w, https:\/\/konzertfreunde.com\/wp-content\/uploads\/2021\/08\/ilse_kuebler-600x400.webp 600w, https:\/\/konzertfreunde.com\/wp-content\/uploads\/2021\/08\/ilse_kuebler-300x200.webp 300w\" sizes=\"(max-width: 768px) 100vw, 768px\">\t\t\t\t\t\t\t\t\t\t\t\t\t\t\t<\/div>\n\t\t\t\t<\/div>\n\t\t\t\t\t<\/div>\n\t\t<\/div>\n\t\t\t\t\t<\/div>\n\t\t<\/section>\n\t\t<div class=\"elementor-element elementor-element-5a4d262 e-flex e-con-boxed e-con e-parent\" data-id=\"5a4d262\" data-element_type=\"container\" data-e-type=\"container\" data-settings=\"{&quot;_ha_eqh_enable&quot;:false}\">\n\t\t\t\t\t<div class=\"e-con-inner\">\n\t\t\t\t<div class=\"elementor-element elementor-element-e222fcd elementor-widget elementor-widget-heading\" data-id=\"e222fcd\" data-element_type=\"widget\" data-e-type=\"widget\" data-widget_type=\"heading.default\">\n\t\t\t\t<div class=\"elementor-widget-container\">\n\t\t\t\t\t<h2 class=\"elementor-heading-title elementor-size-default\">\u00c9v\u00e9nements \u00e0&nbsp;venir<\/h2>\t\t\t\t<\/div>\n\t\t\t\t<\/div>\n\t\t\t\t<div class=\"elementor-element elementor-element-047d16a elementor-widget elementor-widget-shortcode\" data-id=\"047d16a\" data-element_type=\"widget\" data-e-type=\"widget\" data-settings=\"{&quot;ha_floating_fx&quot;:&quot;yes&quot;}\" data-widget_type=\"shortcode.default\">\n\t\t\t\t<div class=\"elementor-widget-container\">\n\t\t\t\t\t\t\t<div class=\"elementor-shortcode\"><div class=\"template_three_grid\"><p>No Events Found\u2026<\/p><\/div><\/div>\n\t\t\t\t\t\t<\/div>\n\t\t\t\t<\/div>\n\t\t\t\t\t<\/div>\n\t\t\t\t<\/div>\n\t\t\t\t<section class=\"elementor-section elementor-top-section elementor-element elementor-element-f671029 elementor-section-height-min-height elementor-section-boxed elementor-section-height-default elementor-section-items-middle\" data-id=\"f671029\" data-element_type=\"section\" data-e-type=\"section\" data-settings=\"{&quot;_ha_eqh_enable&quot;:false}\">\n\t\t\t\t\t\t<div class=\"elementor-container elementor-column-gap-wider\">\n\t\t\t\t\t<div class=\"elementor-column elementor-col-100 elementor-top-column elementor-element elementor-element-90698bb\" data-id=\"90698bb\" data-element_type=\"column\" data-e-type=\"column\">\n\t\t\t<div class=\"elementor-widget-wrap elementor-element-populated\">\n\t\t\t\t\t\t<div class=\"elementor-element elementor-element-8e442b0 elementor-widget-tablet__width-initial elementor-widget elementor-widget-image\" data-id=\"8e442b0\" data-element_type=\"widget\" data-e-type=\"widget\" data-widget_type=\"image.default\">\n\t\t\t\t<div class=\"elementor-widget-container\">\n\t\t\t\t\t\t\t\t\t\t\t\t\t\t\t<img decoding=\"async\" width=\"300\" height=\"88\" src=\"https:\/\/konzertfreunde.com\/wp-content\/uploads\/2021\/09\/weblogo-300x88.jpg\" class=\"attachment-medium size-medium wp-image-1560\" alt srcset=\"https:\/\/konzertfreunde.com\/wp-content\/uploads\/2021\/09\/weblogo-300x88.jpg 300w, https:\/\/konzertfreunde.com\/wp-content\/uploads\/2021\/09\/weblogo.jpg 500w\" sizes=\"(max-width: 300px) 100vw, 300px\">\t\t\t\t\t\t\t\t\t\t\t\t\t\t\t<\/div>\n\t\t\t\t<\/div>\n\t\t\t\t<div class=\"elementor-element elementor-element-611d481 elementor-widget elementor-widget-heading\" data-id=\"611d481\" data-element_type=\"widget\" data-e-type=\"widget\" data-widget_type=\"heading.default\">\n\t\t\t\t<div class=\"elementor-widget-container\">\n\t\t\t\t\t<h4 class=\"elementor-heading-title elementor-size-default\">Les Amis des concerts vous proposent toujours quelque chose de sp\u00e9cial..<\/h4>\t\t\t\t<\/div>\n\t\t\t\t<\/div>\n\t\t\t\t<div class=\"elementor-element elementor-element-0a0ed3d elementor-widget elementor-widget-spacer\" data-id=\"0a0ed3d\" data-element_type=\"widget\" data-e-type=\"widget\" data-widget_type=\"spacer.default\">\n\t\t\t\t<div class=\"elementor-widget-container\">\n\t\t\t\t\t\t\t<div class=\"elementor-spacer\">\n\t\t\t<div class=\"elementor-spacer-inner\"><\/div>\n\t\t<\/div>\n\t\t\t\t\t\t<\/div>\n\t\t\t\t<\/div>\n\t\t\t\t<div class=\"elementor-element elementor-element-2718ed8 elementor-widget elementor-widget-heading\" data-id=\"2718ed8\" data-element_type=\"widget\" data-e-type=\"widget\" data-widget_type=\"heading.default\">\n\t\t\t\t<div class=\"elementor-widget-container\">\n\t\t\t\t\t<h2 class=\"elementor-heading-title elementor-size-default\">Sponsors<\/h2>\t\t\t\t<\/div>\n\t\t\t\t<\/div>\n\t\t\t\t<div class=\"elementor-element elementor-element-907ae9e elementor-widget elementor-widget-heading\" data-id=\"907ae9e\" data-element_type=\"widget\" data-e-type=\"widget\" data-widget_type=\"heading.default\">\n\t\t\t\t<div class=\"elementor-widget-container\">\n\t\t\t\t\t<h5 class=\"elementor-heading-title elementor-size-default\">Les entreprises \u00e9num\u00e9r\u00e9es ci-dessous soutiennent nos activit\u00e9s \u00e0&nbsp;un degr\u00e9 particulier. Nous leur adressons nos remerciements \u00e0&nbsp;ce stade. Veuillez \u00e9galement visiter les sites web de nos sponsors. Il suffit de cliquer sur l\u2019image&nbsp;!<\/h5>\t\t\t\t<\/div>\n\t\t\t\t<\/div>\n\t\t\t\t<section class=\"elementor-section elementor-inner-section elementor-element elementor-element-e814750 elementor-section-boxed elementor-section-height-default elementor-section-height-default\" data-id=\"e814750\" data-element_type=\"section\" data-e-type=\"section\" data-settings=\"{&quot;_ha_eqh_enable&quot;:false}\">\n\t\t\t\t\t\t<div class=\"elementor-container elementor-column-gap-wider\">\n\t\t\t\t\t<div class=\"elementor-column elementor-col-50 elementor-inner-column elementor-element elementor-element-e99917e\" data-id=\"e99917e\" data-element_type=\"column\" data-e-type=\"column\">\n\t\t\t<div class=\"elementor-widget-wrap elementor-element-populated\">\n\t\t\t\t\t\t<div class=\"elementor-element elementor-element-4657d64 elementor-widget elementor-widget-image\" data-id=\"4657d64\" data-element_type=\"widget\" data-e-type=\"widget\" data-widget_type=\"image.default\">\n\t\t\t\t<div class=\"elementor-widget-container\">\n\t\t\t\t\t\t\t\t\t\t\t\t\t\t\t\t<a href=\"https:\/\/www.proakustik-denia.de\/\">\n\t\t\t\t\t\t\t<img decoding=\"async\" width=\"300\" height=\"120\" src=\"https:\/\/konzertfreunde.com\/wp-content\/uploads\/2022\/01\/proakustik-300x120.png\" class=\"attachment-medium size-medium wp-image-1986\" alt srcset=\"https:\/\/konzertfreunde.com\/wp-content\/uploads\/2022\/01\/proakustik-300x120.png 300w, https:\/\/konzertfreunde.com\/wp-content\/uploads\/2022\/01\/proakustik.png 500w\" sizes=\"(max-width: 300px) 100vw, 300px\">\t\t\t\t\t\t\t\t<\/a>\n\t\t\t\t\t\t\t\t\t\t\t\t\t\t\t<\/div>\n\t\t\t\t<\/div>\n\t\t\t\t\t<\/div>\n\t\t<\/div>\n\t\t\t\t<div class=\"elementor-column elementor-col-50 elementor-inner-column elementor-element elementor-element-8b78431\" data-id=\"8b78431\" data-element_type=\"column\" data-e-type=\"column\">\n\t\t\t<div class=\"elementor-widget-wrap elementor-element-populated\">\n\t\t\t\t\t\t<div class=\"elementor-element elementor-element-68e5ed4 elementor-widget elementor-widget-image\" data-id=\"68e5ed4\" data-element_type=\"widget\" data-e-type=\"widget\" data-widget_type=\"image.default\">\n\t\t\t\t<div class=\"elementor-widget-container\">\n\t\t\t\t\t\t\t\t\t\t\t\t\t\t\t<img loading=\"lazy\" decoding=\"async\" width=\"300\" height=\"60\" src=\"https:\/\/konzertfreunde.com\/wp-content\/uploads\/2022\/01\/uniclassics-300x60.png\" class=\"attachment-medium size-medium wp-image-1982\" alt srcset=\"https:\/\/konzertfreunde.com\/wp-content\/uploads\/2022\/01\/uniclassics-300x60.png 300w, https:\/\/konzertfreunde.com\/wp-content\/uploads\/2022\/01\/uniclassics.png 500w\" sizes=\"(max-width: 300px) 100vw, 300px\">\t\t\t\t\t\t\t\t\t\t\t\t\t\t\t<\/div>\n\t\t\t\t<\/div>\n\t\t\t\t\t<\/div>\n\t\t<\/div>\n\t\t\t\t\t<\/div>\n\t\t<\/section>\n\t\t\t\t\t<\/div>\n\t\t<\/div>\n\t\t\t\t\t<\/div>\n\t\t<\/section>\n\t\t\t\t<\/div>\n\t\t","protected":false},"excerpt":{"rendered":"<p>Bien\u00adve\u00adnue aux Amis du Con\u00adcert Un cor\u00addi\u00adal bon\u00adjour, chers amis du con\u00adcert&nbsp;! Bien\u00adve\u00adnue \u2013 ici sur nos pages web et, bien s\u00fbr, sur\u00adtout \u2013 dans la salle de con\u00adcert. Lire la&nbsp;suite F\u00eate des asso\u00adcia\u00adti\u00adons Bien\u00adve\u00adnue le 31 mai \u00e0&nbsp;Els Poblets. Vous d\u00e9cou\u00advr\u00adi\u00adrez tou\u00adtes les nou\u00adveau\u00adt\u00e9s de la sai\u00adson pro\u00adchai\u00adne sur le stand des Amis&nbsp;des&nbsp;[\u2026]<\/p>\n","protected":false},"author":124,"featured_media":0,"parent":0,"menu_order":1,"comment_status":"closed","ping_status":"closed","template":"elementor_header_footer","meta":{"wp_typography_post_enhancements_disabled":false,"ngg_post_thumbnail":0,"footnotes":""},"class_list":["post-609","page","type-page","status-publish","hentry"],"yoast_head":"<!-- This site is optimized with the Yoast SEO plugin v27.4 - https:\/\/yoast.com\/product\/yoast-seo-wordpress\/ -->\n<title>Accueil - Konzertfreunde Costa Blanca<\/title>\n<meta name=\"robots\" content=\"index, follow, max-snippet:-1, max-image-preview:large, max-video-preview:-1\" \/>\n<link rel=\"canonical\" href=\"https:\/\/konzertfreunde.com\/fr\/\" \/>\n<meta property=\"og:locale\" content=\"fr_FR\" \/>\n<meta property=\"og:type\" content=\"article\" \/>\n<meta property=\"og:title\" content=\"Accueil - Konzertfreunde Costa Blanca\" \/>\n<meta property=\"og:description\" content=\"Bienvenue aux Amis du Concert Un cor\u00addi\u00adal bon\u00adjour, chers amis du concert&nbsp;! Bien\u00adve\u00adnue \u2013 ici sur nos pages web et, bien s\u00fbr, sur\u00adtout \u2013 dans la salle de concert. Lire la&nbsp;suite F\u00eate des associations Bien\u00adve\u00adnue le 31 mai \u00e0&nbsp;Els Poblets. Vous d\u00e9cou\u00advr\u00adi\u00adrez tou\u00adtes les nou\u00adveau\u00adt\u00e9s de la sai\u00adson pro\u00adchai\u00adne sur le stand des Amis des [&hellip;]\" \/>\n<meta property=\"og:url\" content=\"https:\/\/konzertfreunde.com\/fr\/\" \/>\n<meta property=\"og:site_name\" content=\"Konzertfreunde Costa Blanca\" \/>\n<meta property=\"article:publisher\" content=\"https:\/\/www.facebook.com\/groups\/konzertfreundecostablanca\" \/>\n<meta property=\"article:modified_time\" content=\"2025-09-01T09:35:46+00:00\" \/>\n<meta property=\"og:image\" content=\"https:\/\/konzertfreunde.com\/wp-content\/uploads\/2025\/05\/Vorstand-Sommer-300x225.jpg\" \/>\n<meta name=\"twitter:card\" content=\"summary_large_image\" \/>\n<meta name=\"twitter:label1\" content=\"Dur\u00e9e de lecture estim\u00e9e\" \/>\n\t<meta name=\"twitter:data1\" content=\"2 minutes\" \/>\n<script type=\"application\/ld+json\" class=\"yoast-schema-graph\">{\"@context\":\"https:\\\/\\\/schema.org\",\"@graph\":[{\"@type\":\"WebPage\",\"@id\":\"https:\\\/\\\/konzertfreunde.com\\\/fr\\\/\",\"url\":\"https:\\\/\\\/konzertfreunde.com\\\/fr\\\/\",\"name\":\"Accueil - Konzertfreunde Costa Blanca\",\"isPartOf\":{\"@id\":\"https:\\\/\\\/konzertfreunde.com\\\/fr\\\/#website\"},\"primaryImageOfPage\":{\"@id\":\"https:\\\/\\\/konzertfreunde.com\\\/fr\\\/#primaryimage\"},\"image\":{\"@id\":\"https:\\\/\\\/konzertfreunde.com\\\/fr\\\/#primaryimage\"},\"thumbnailUrl\":\"https:\\\/\\\/konzertfreunde.com\\\/wp-content\\\/uploads\\\/2025\\\/05\\\/Vorstand-Sommer-300x225.jpg\",\"datePublished\":\"2021-09-03T09:38:15+00:00\",\"dateModified\":\"2025-09-01T09:35:46+00:00\",\"breadcrumb\":{\"@id\":\"https:\\\/\\\/konzertfreunde.com\\\/fr\\\/#breadcrumb\"},\"inLanguage\":\"fr-FR\",\"potentialAction\":[{\"@type\":\"ReadAction\",\"target\":[\"https:\\\/\\\/konzertfreunde.com\\\/fr\\\/\"]}]},{\"@type\":\"ImageObject\",\"inLanguage\":\"fr-FR\",\"@id\":\"https:\\\/\\\/konzertfreunde.com\\\/fr\\\/#primaryimage\",\"url\":\"https:\\\/\\\/konzertfreunde.com\\\/wp-content\\\/uploads\\\/2025\\\/05\\\/Vorstand-Sommer-300x225.jpg\",\"contentUrl\":\"https:\\\/\\\/konzertfreunde.com\\\/wp-content\\\/uploads\\\/2025\\\/05\\\/Vorstand-Sommer-300x225.jpg\"},{\"@type\":\"BreadcrumbList\",\"@id\":\"https:\\\/\\\/konzertfreunde.com\\\/fr\\\/#breadcrumb\",\"itemListElement\":[{\"@type\":\"ListItem\",\"position\":1,\"name\":\"Startseite\",\"item\":\"https:\\\/\\\/konzertfreunde.com\\\/fr\\\/accueil\\\/\"},{\"@type\":\"ListItem\",\"position\":2,\"name\":\"Accueil\"}]},{\"@type\":\"WebSite\",\"@id\":\"https:\\\/\\\/konzertfreunde.com\\\/fr\\\/#website\",\"url\":\"https:\\\/\\\/konzertfreunde.com\\\/fr\\\/\",\"name\":\"Konzertfreunde Costa Blanca\",\"description\":\"Kultur an der Costa Blanca\",\"publisher\":{\"@id\":\"https:\\\/\\\/konzertfreunde.com\\\/fr\\\/#organization\"},\"potentialAction\":[{\"@type\":\"SearchAction\",\"target\":{\"@type\":\"EntryPoint\",\"urlTemplate\":\"https:\\\/\\\/konzertfreunde.com\\\/fr\\\/?s={search_term_string}\"},\"query-input\":{\"@type\":\"PropertyValueSpecification\",\"valueRequired\":true,\"valueName\":\"search_term_string\"}}],\"inLanguage\":\"fr-FR\"},{\"@type\":\"Organization\",\"@id\":\"https:\\\/\\\/konzertfreunde.com\\\/fr\\\/#organization\",\"name\":\"Konzertfreunde Costa Blanca\",\"url\":\"https:\\\/\\\/konzertfreunde.com\\\/fr\\\/\",\"logo\":{\"@type\":\"ImageObject\",\"inLanguage\":\"fr-FR\",\"@id\":\"https:\\\/\\\/konzertfreunde.com\\\/fr\\\/#\\\/schema\\\/logo\\\/image\\\/\",\"url\":\"https:\\\/\\\/konzertfreunde.com\\\/wp-content\\\/uploads\\\/2021\\\/09\\\/weblogo.jpg\",\"contentUrl\":\"https:\\\/\\\/konzertfreunde.com\\\/wp-content\\\/uploads\\\/2021\\\/09\\\/weblogo.jpg\",\"width\":500,\"height\":146,\"caption\":\"Konzertfreunde Costa Blanca\"},\"image\":{\"@id\":\"https:\\\/\\\/konzertfreunde.com\\\/fr\\\/#\\\/schema\\\/logo\\\/image\\\/\"},\"sameAs\":[\"https:\\\/\\\/www.facebook.com\\\/groups\\\/konzertfreundecostablanca\"]}]}<\/script>\n<!-- \/ Yoast SEO plugin. -->","yoast_head_json":{"title":"Accueil - Konzertfreunde Costa Blanca","robots":{"index":"index","follow":"follow","max-snippet":"max-snippet:-1","max-image-preview":"max-image-preview:large","max-video-preview":"max-video-preview:-1"},"canonical":"https:\/\/konzertfreunde.com\/fr\/","og_locale":"fr_FR","og_type":"article","og_title":"Accueil - Konzertfreunde Costa Blanca","og_description":"Bienvenue aux Amis du Concert Un cor\u00addi\u00adal bon\u00adjour, chers amis du concert&nbsp;! Bien\u00adve\u00adnue \u2013 ici sur nos pages web et, bien s\u00fbr, sur\u00adtout \u2013 dans la salle de concert. Lire la&nbsp;suite F\u00eate des associations Bien\u00adve\u00adnue le 31 mai \u00e0&nbsp;Els Poblets. Vous d\u00e9cou\u00advr\u00adi\u00adrez tou\u00adtes les nou\u00adveau\u00adt\u00e9s de la sai\u00adson pro\u00adchai\u00adne sur le stand des Amis des [&hellip;]","og_url":"https:\/\/konzertfreunde.com\/fr\/","og_site_name":"Konzertfreunde Costa Blanca","article_publisher":"https:\/\/www.facebook.com\/groups\/konzertfreundecostablanca","article_modified_time":"2025-09-01T09:35:46+00:00","og_image":[{"url":"https:\/\/konzertfreunde.com\/wp-content\/uploads\/2025\/05\/Vorstand-Sommer-300x225.jpg","type":"","width":"","height":""}],"twitter_card":"summary_large_image","twitter_misc":{"Dur\u00e9e de lecture estim\u00e9e":"2 minutes"},"schema":{"@context":"https:\/\/schema.org","@graph":[{"@type":"WebPage","@id":"https:\/\/konzertfreunde.com\/fr\/","url":"https:\/\/konzertfreunde.com\/fr\/","name":"Accueil - Konzertfreunde Costa Blanca","isPartOf":{"@id":"https:\/\/konzertfreunde.com\/fr\/#website"},"primaryImageOfPage":{"@id":"https:\/\/konzertfreunde.com\/fr\/#primaryimage"},"image":{"@id":"https:\/\/konzertfreunde.com\/fr\/#primaryimage"},"thumbnailUrl":"https:\/\/konzertfreunde.com\/wp-content\/uploads\/2025\/05\/Vorstand-Sommer-300x225.jpg","datePublished":"2021-09-03T09:38:15+00:00","dateModified":"2025-09-01T09:35:46+00:00","breadcrumb":{"@id":"https:\/\/konzertfreunde.com\/fr\/#breadcrumb"},"inLanguage":"fr-FR","potentialAction":[{"@type":"ReadAction","target":["https:\/\/konzertfreunde.com\/fr\/"]}]},{"@type":"ImageObject","inLanguage":"fr-FR","@id":"https:\/\/konzertfreunde.com\/fr\/#primaryimage","url":"https:\/\/konzertfreunde.com\/wp-content\/uploads\/2025\/05\/Vorstand-Sommer-300x225.jpg","contentUrl":"https:\/\/konzertfreunde.com\/wp-content\/uploads\/2025\/05\/Vorstand-Sommer-300x225.jpg"},{"@type":"BreadcrumbList","@id":"https:\/\/konzertfreunde.com\/fr\/#breadcrumb","itemListElement":[{"@type":"ListItem","position":1,"name":"Startseite","item":"https:\/\/konzertfreunde.com\/fr\/accueil\/"},{"@type":"ListItem","position":2,"name":"Accueil"}]},{"@type":"WebSite","@id":"https:\/\/konzertfreunde.com\/fr\/#website","url":"https:\/\/konzertfreunde.com\/fr\/","name":"Konzertfreunde Costa Blanca","description":"Kultur an der Costa Blanca","publisher":{"@id":"https:\/\/konzertfreunde.com\/fr\/#organization"},"potentialAction":[{"@type":"SearchAction","target":{"@type":"EntryPoint","urlTemplate":"https:\/\/konzertfreunde.com\/fr\/?s={search_term_string}"},"query-input":{"@type":"PropertyValueSpecification","valueRequired":true,"valueName":"search_term_string"}}],"inLanguage":"fr-FR"},{"@type":"Organization","@id":"https:\/\/konzertfreunde.com\/fr\/#organization","name":"Konzertfreunde Costa Blanca","url":"https:\/\/konzertfreunde.com\/fr\/","logo":{"@type":"ImageObject","inLanguage":"fr-FR","@id":"https:\/\/konzertfreunde.com\/fr\/#\/schema\/logo\/image\/","url":"https:\/\/konzertfreunde.com\/wp-content\/uploads\/2021\/09\/weblogo.jpg","contentUrl":"https:\/\/konzertfreunde.com\/wp-content\/uploads\/2021\/09\/weblogo.jpg","width":500,"height":146,"caption":"Konzertfreunde Costa Blanca"},"image":{"@id":"https:\/\/konzertfreunde.com\/fr\/#\/schema\/logo\/image\/"},"sameAs":["https:\/\/www.facebook.com\/groups\/konzertfreundecostablanca"]}]}},"_links":{"self":[{"href":"https:\/\/konzertfreunde.com\/fr\/wp-json\/wp\/v2\/pages\/609","targetHints":{"allow":["GET"]}}],"collection":[{"href":"https:\/\/konzertfreunde.com\/fr\/wp-json\/wp\/v2\/pages"}],"about":[{"href":"https:\/\/konzertfreunde.com\/fr\/wp-json\/wp\/v2\/types\/page"}],"author":[{"embeddable":true,"href":"https:\/\/konzertfreunde.com\/fr\/wp-json\/wp\/v2\/users\/124"}],"replies":[{"embeddable":true,"href":"https:\/\/konzertfreunde.com\/fr\/wp-json\/wp\/v2\/comments?post=609"}],"version-history":[{"count":59,"href":"https:\/\/konzertfreunde.com\/fr\/wp-json\/wp\/v2\/pages\/609\/revisions"}],"predecessor-version":[{"id":8413,"href":"https:\/\/konzertfreunde.com\/fr\/wp-json\/wp\/v2\/pages\/609\/revisions\/8413"}],"wp:attachment":[{"href":"https:\/\/konzertfreunde.com\/fr\/wp-json\/wp\/v2\/media?parent=609"}],"curies":[{"name":"wp","href":"https:\/\/api.w.org\/{rel}","templated":true}]}}