{"id":622,"date":"2021-09-03T11:54:05","date_gmt":"2021-09-03T09:54:05","guid":{"rendered":"https:\/\/konzertfreunde.com\/a-propos-de-nous\/"},"modified":"2024-11-24T11:55:56","modified_gmt":"2024-11-24T10:55:56","slug":"a-propos-de-nous","status":"publish","type":"page","link":"https:\/\/konzertfreunde.com\/fr\/a-propos-de-nous\/","title":{"rendered":"A propos de&nbsp;nous"},"content":{"rendered":"\t\t<div data-elementor-type=\"wp-page\" data-elementor-id=\"622\" class=\"elementor elementor-622 elementor-68\" data-elementor-settings=\"{&quot;ha_cmc_init_switcher&quot;:&quot;no&quot;}\">\n\t\t\t\t\t\t<section class=\"elementor-section elementor-top-section elementor-element elementor-element-418a480 elementor-section-boxed elementor-section-height-default elementor-section-height-default\" data-id=\"418a480\" data-element_type=\"section\" data-e-type=\"section\" data-settings=\"{&quot;_ha_eqh_enable&quot;:false}\">\n\t\t\t\t\t\t<div class=\"elementor-container elementor-column-gap-default\">\n\t\t\t\t\t<div class=\"elementor-column elementor-col-100 elementor-top-column elementor-element elementor-element-5eaa90a\" data-id=\"5eaa90a\" data-element_type=\"column\" data-e-type=\"column\">\n\t\t\t<div class=\"elementor-widget-wrap elementor-element-populated\">\n\t\t\t\t\t\t<div class=\"elementor-element elementor-element-f7c7d23 elementor-widget elementor-widget-heading\" data-id=\"f7c7d23\" data-element_type=\"widget\" data-e-type=\"widget\" data-widget_type=\"heading.default\">\n\t\t\t\t<div class=\"elementor-widget-container\">\n\t\t\t\t\t<h2 class=\"elementor-heading-title elementor-size-default\">Bienvenue chez les amis des concerts<\/h2>\t\t\t\t<\/div>\n\t\t\t\t<\/div>\n\t\t\t\t<div class=\"elementor-element elementor-element-84b487a elementor-widget__width-auto elementor-widget-tablet__width-auto elementor-invisible elementor-widget elementor-widget-image\" data-id=\"84b487a\" data-element_type=\"widget\" data-e-type=\"widget\" data-settings=\"{&quot;_animation&quot;:&quot;fadeIn&quot;}\" data-widget_type=\"image.default\">\n\t\t\t\t<div class=\"elementor-widget-container\">\n\t\t\t\t\t\t\t\t\t\t\t\t\t\t\t<img fetchpriority=\"high\" decoding=\"async\" width=\"768\" height=\"512\" src=\"https:\/\/konzertfreunde.com\/wp-content\/uploads\/2021\/09\/ilse_kuebler.jpg\" class=\"attachment-medium_large size-medium_large wp-image-1525\" alt srcset=\"https:\/\/konzertfreunde.com\/wp-content\/uploads\/2021\/09\/ilse_kuebler.jpg 768w, https:\/\/konzertfreunde.com\/wp-content\/uploads\/2021\/09\/ilse_kuebler-300x200.jpg 300w, https:\/\/konzertfreunde.com\/wp-content\/uploads\/2021\/09\/ilse_kuebler-600x400.jpg 600w\" sizes=\"(max-width: 768px) 100vw, 768px\">\t\t\t\t\t\t\t\t\t\t\t\t\t\t\t<\/div>\n\t\t\t\t<\/div>\n\t\t\t\t<div class=\"elementor-element elementor-element-a7bba10 elementor-widget elementor-widget-spacer\" data-id=\"a7bba10\" data-element_type=\"widget\" data-e-type=\"widget\" data-widget_type=\"spacer.default\">\n\t\t\t\t<div class=\"elementor-widget-container\">\n\t\t\t\t\t\t\t<div class=\"elementor-spacer\">\n\t\t\t<div class=\"elementor-spacer-inner\"><\/div>\n\t\t<\/div>\n\t\t\t\t\t\t<\/div>\n\t\t\t\t<\/div>\n\t\t\t\t<div class=\"elementor-element elementor-element-c64ce8c elementor-widget elementor-widget-text-editor\" data-id=\"c64ce8c\" data-element_type=\"widget\" data-e-type=\"widget\" data-widget_type=\"text-editor.default\">\n\t\t\t\t<div class=\"elementor-widget-container\">\n\t\t\t\t\t\t\t\t\t<p>Un cor\u00addi\u00adal bon\u00adjour, chers amis des concerts&nbsp;!<\/p>\n<p>Bien\u00adve\u00adnue sur not\u00adre site Inter\u00adnet et, bien s\u00fbr, dans la salle de concert.<\/p>\n<p>\u00c9cou\u00adter et viv\u00adre une cul\u00adtu\u00adre exi\u00adge\u00adan\u00adte en lan\u00adgue alle\u00adman\u00adde ici, sur la Cos\u00adta Blan\u00adca, \u00e9tait le sou\u00adhait de nombreux r\u00e9si\u00addents et h\u00f4tes. Car ici, il n\u2019y a&nbsp;rien. La musi\u00adque clas\u00adsi\u00adque, mais aus\u00adsi le th\u00e9\u00ad\u00e2t\u00adre et le caba\u00adret \u00e9tai\u00adent sur la lis\u00adte des souhaits.<\/p>\n<p>C\u2019est ain\u00adsi qu\u2019a \u00e9t\u00e9 lan\u00adc\u00e9e la pre\u00admi\u00e8\u00adre s\u00e9r\u00e9\u00adna\u00adde esti\u00advale dans le clo\u00eet\u00adre de l\u2019Er\u00admi\u00adta las Rotas \u00e0&nbsp;D\u00e9nia en&nbsp;2003.<\/p>\n\t\t\t\t\t\t\t\t<\/div>\n\t\t\t\t<\/div>\n\t\t\t\t<div class=\"elementor-element elementor-element-087b600 elementor-widget elementor-widget-heading\" data-id=\"087b600\" data-element_type=\"widget\" data-e-type=\"widget\" data-widget_type=\"heading.default\">\n\t\t\t\t<div class=\"elementor-widget-container\">\n\t\t\t\t\t<h2 class=\"elementor-heading-title elementor-size-default\">Histoire<\/h2>\t\t\t\t<\/div>\n\t\t\t\t<\/div>\n\t\t\t\t<div class=\"elementor-element elementor-element-c49fb53 elementor-widget elementor-widget-text-editor\" data-id=\"c49fb53\" data-element_type=\"widget\" data-e-type=\"widget\" data-widget_type=\"text-editor.default\">\n\t\t\t\t<div class=\"elementor-widget-container\">\n\t\t\t\t\t\t\t\t\t<p><strong>Le fait d\u2019en\u00adtendre et de viv\u00adre une cul\u00adtu\u00adre exi\u00adge\u00adan\u00adte en lan\u00adgue alle\u00adman\u00adde ici, sur la Cos\u00adta Blan\u00adca, a&nbsp;\u00e9t\u00e9 l\u2019oc\u00adca\u00adsi\u00adon de nous engager.<\/strong><\/p>\n<p><img decoding=\"async\" class=\"alignleft wp-image-1566 size-full\" src=\"https:\/\/konzertfreunde.com\/wp-content\/uploads\/2021\/09\/vicente-giner.jpg\" alt width=\"317\" height=\"251\" srcset=\"https:\/\/konzertfreunde.com\/wp-content\/uploads\/2021\/09\/vicente-giner.jpg 317w, https:\/\/konzertfreunde.com\/wp-content\/uploads\/2021\/09\/vicente-giner-300x238.jpg 300w\" sizes=\"(max-width: 317px) 100vw, 317px\"><\/p>\n<p>D\u00e8s le d\u00e9but, il y&nbsp;a eu une \u00e9troi\u00adte col\u00adla\u00adbo\u00adra\u00adti\u00adon avec le pro\u00adfes\u00adseur Vicen\u00adte Giner, notam\u00adment lors de son fes\u00adti\u00adval d\u2019or\u00adgue de Ped\u00adre\u00adguer. Ses \u00e9tu\u00addes d\u2019or\u00adgue en Autri\u00adche l\u2019ont non seu\u00adle\u00adment rappro\u00adch\u00e9 de la lan\u00adgue alle\u00adman\u00adde, mais aus\u00adsi de not\u00adre com\u00adpr\u00e9\u00adhen\u00adsi\u00adon culturelle.<\/p>\n<figure class=\"wp-caption alignright\"><figcaption id=\"caption-attachment-177\" class=\"wp-caption-text\"><\/figcaption><\/figure>\n<p>Ses con\u00adcer\u00adtos pour orgue, par exemp\u00adle, met\u00adtent en sc\u00e8\u00adne des com\u00adpo\u00adsi\u00adteurs importants tels que Bach, Haen\u00addel, Haydn, Mozart, Soler et Vival\u00addi, ce qui les rend par\u00adti\u00adcu\u00adli\u00e8\u00adre\u00adment fami\u00adliers et recher\u00adch\u00e9s par nos oreil\u00adles. Cet\u00adte coop\u00e9\u00adra\u00adti\u00adon et la gran\u00adde popu\u00adla\u00adri\u00adt\u00e9 ont don\u00adn\u00e9 lieu \u00e0&nbsp;d\u2019au\u00adt\u00adres cont\u00adacts, qui ont att\u00adeint un point cul\u00admi\u00adnant avec les con\u00adcerts du Nou\u00advel An. Les artis\u00adtes de renom aiment tou\u00adjours venir \u00e0&nbsp;D\u00e9nia. Par exemp\u00adle, le grand chef d\u2019or\u00adchest\u00adre et lea\u00adder de l\u2019Or\u00adchest\u00adre phil\u00adhar\u00admo\u00adni\u00adque de chambre rus\u00adse de Saint-P\u00e9ters\u00adbourg Juri Gil\u00adbo, ou enco\u00adre G. Feid\u00admann, M. Gershwin, R. Kol\u00adlo, G. Emmer\u00adlich, B. Cramm, M. Schlu\u00adb\u00adeck\u2026 et bien d\u2019autres.<\/p>\n<p>En d\u00e9cembre 2004, l\u2019as\u00adso\u00adcia\u00adti\u00adon a&nbsp;\u00e9t\u00e9 offi\u00adci\u00adel\u00adle\u00adment inscri\u00adte au regist\u00adre des associations.<\/p>\n<p>Des spec\u00adta\u00adcles en lan\u00adgue alle\u00adman\u00adde, tels que des con\u00adcerts, du th\u00e9\u00ad\u00e2t\u00adre, du caba\u00adret, le tout \u00e0&nbsp;un niveau \u00e9le\u00adv\u00e9 \u2013 et tout cela sur le pas de vot\u00adre por\u00adte : C\u2019est ce que les Kon\u00adzert\u00adfreun\u00adde vous proposent&nbsp;!<\/p>\n<p>Nous vou\u00adlons con\u00adtin\u00aduer sur cet\u00adte voie : <q>pour le bien et le plai\u00adsir des r\u00e9si\u00addents et des h\u00f4tes ger\u00adma\u00adno\u00adpho\u00adnes qui vivent ici<\/q>.<\/p>\n<p class=\"indent\">Vot\u00adre<br> Ilse K\u00fcbler<br>\n<small>(Pr\u00e9\u00adsi\u00addent)<\/small><\/p>\n<p>Veuil\u00adlez envoy\u00ader vos sou\u00adhaits, sug\u00adges\u00adti\u00adons et cri\u00adti\u00adques via not\u00adre <a href=\"https:\/\/konzertfreunde.com\/fr\/contact\/\">for\u00admu\u00adlai\u00adre de cont\u00adact<\/a>.<\/p>\n\t\t\t\t\t\t\t\t<\/div>\n\t\t\t\t<\/div>\n\t\t\t\t\t<\/div>\n\t\t<\/div>\n\t\t\t\t\t<\/div>\n\t\t<\/section>\n\t\t\t\t<section class=\"elementor-section elementor-top-section elementor-element elementor-element-0cbe34f elementor-section-boxed elementor-section-height-default elementor-section-height-default\" data-id=\"0cbe34f\" data-element_type=\"section\" data-e-type=\"section\" data-settings=\"{&quot;_ha_eqh_enable&quot;:false}\">\n\t\t\t\t\t\t<div class=\"elementor-container elementor-column-gap-default\">\n\t\t\t\t\t<div class=\"elementor-column elementor-col-100 elementor-top-column elementor-element elementor-element-ade7902\" data-id=\"ade7902\" data-element_type=\"column\" data-e-type=\"column\">\n\t\t\t<div class=\"elementor-widget-wrap elementor-element-populated\">\n\t\t\t\t\t\t<div class=\"elementor-element elementor-element-b319d22 elementor-widget elementor-widget-heading\" data-id=\"b319d22\" data-element_type=\"widget\" data-e-type=\"widget\" data-widget_type=\"heading.default\">\n\t\t\t\t<div class=\"elementor-widget-container\">\n\t\t\t\t\t<h2 class=\"elementor-heading-title elementor-size-default\">A propos de&nbsp;nous<\/h2>\t\t\t\t<\/div>\n\t\t\t\t<\/div>\n\t\t\t\t<div class=\"elementor-element elementor-element-2f5b686 elementor-widget elementor-widget-text-editor\" data-id=\"2f5b686\" data-element_type=\"widget\" data-e-type=\"widget\" data-widget_type=\"text-editor.default\">\n\t\t\t\t<div class=\"elementor-widget-container\">\n\t\t\t\t\t\t\t\t\t<p><strong>L\u2019as\u00adso\u00adcia\u00adti\u00adon d\u00e9cla\u00adr\u00e9e <q>Kon\u00adzert\u00adfreun\u00adde<\/q>a pour mis\u00adsi\u00adon et pour objec\u00adtif de pro\u00adpo\u00adser la cul\u00adtu\u00adre musi\u00adcale et th\u00e9\u00ad\u00e2\u00adtra\u00adle des pays ger\u00adma\u00adno\u00adpho\u00adnes aux r\u00e9si\u00addents et aux h\u00f4tes de la Cos\u00adta Blanca.<\/strong><\/p>\n<p>Nous organi\u00adsons donc des con\u00adcerts par nous-m\u00eames, mais nous sou\u00adte\u00adnons \u00e9ga\u00adle\u00adment d\u2019au\u00adt\u00adres artis\u00adtes et repr\u00e9\u00adsen\u00adtants cul\u00adtu\u00adrels de la r\u00e9gion. Nous vou\u00adlons offrir aux nombreux clubs repr\u00e9\u00adsen\u00adt\u00e9s ici une pla\u00adte\u00adfor\u00adme cul\u00adtu\u00adrel\u00adle com\u00adpl\u00e9\u00admen\u00adtai\u00adre que les clubs seuls ne peu\u00advent ou ne veu\u00adlent pas assu\u00admer dans cet\u00adte mesure.<\/p>\n<p>Pour la s\u00e9lec\u00adtion des spec\u00adta\u00adcles, vos sou\u00adhaits sont tout aus\u00adsi importants pour nous que la qua\u00adli\u00adt\u00e9 et l\u2019o\u00adri\u00adgi\u00adna\u00adli\u00adt\u00e9 des inter\u00adpr\u00e8\u00adtes. Nous met\u00adtons beau\u00adcoup d\u2019i\u00add\u00e9es, de cont\u00adacts et tou\u00adte not\u00adre \u00e9ner\u00adgie pour fai\u00adre plai\u00adsir et enri\u00adchir les amis des con\u00adcerts ici sur la Cos\u00adta Blanca.<\/p>\n<p>Tous les mem\u00adbres de l\u2019as\u00adso\u00adcia\u00adti\u00adon, ain\u00adsi que le con\u00adseil d\u2019ad\u00admi\u00adnis\u00adtra\u00adti\u00adon, tra\u00advail\u00adlent sur une base volon\u00adtai\u00adre. Les co\u00fbts des \u00e9v\u00e9\u00adne\u00adments, tels que les frais d\u2019in\u00adscrip\u00adti\u00adon, de voya\u00adge et d\u2019h\u00e9\u00adber\u00adge\u00adment, sont cou\u00adverts par la ven\u00adte des billets.<\/p>\n<p>Pour que les spec\u00adta\u00adcles restent abord\u00ada\u00adbles, nous som\u00admes recon\u00adnais\u00adsants envers les m\u00e9c\u00e8\u00adnes et les sponsors.<\/p>\n<p>Not\u00adre objec\u00adtif est de finan\u00adcer les \u00e9v\u00e9\u00adne\u00adments de mani\u00e8\u00adre auto\u00adsuf\u00adfi\u00adsan\u00adte, c\u2019est-\u00e0-dire sans sub\u00adven\u00adti\u00adons publiques.<\/p>\n\t\t\t\t\t\t\t\t<\/div>\n\t\t\t\t<\/div>\n\t\t\t\t\t<\/div>\n\t\t<\/div>\n\t\t\t\t\t<\/div>\n\t\t<\/section>\n\t\t\t\t<\/div>\n\t\t","protected":false},"excerpt":{"rendered":"<p>Bien\u00adve\u00adnue chez les amis des con\u00adcerts Un cor\u00addi\u00adal bon\u00adjour, chers amis des con\u00adcerts&nbsp;! Bien\u00adve\u00adnue sur not\u00adre site Inter\u00adnet et, bien s\u00fbr, dans la salle de con\u00adcert. \u00c9cou\u00adter et viv\u00adre une cul\u00adtu\u00adre exi\u00adge\u00adan\u00adte en lan\u00adgue alle\u00adman\u00adde ici, sur la Cos\u00adta Blan\u00adca, \u00e9tait le sou\u00adhait de nombreux r\u00e9si\u00addents et h\u00f4tes. Car ici, il n\u2019y a&nbsp;rien. La musique&nbsp;[\u2026]<\/p>\n","protected":false},"author":124,"featured_media":0,"parent":0,"menu_order":3,"comment_status":"closed","ping_status":"closed","template":"elementor_header_footer","meta":{"wp_typography_post_enhancements_disabled":false,"ngg_post_thumbnail":0,"footnotes":""},"class_list":["post-622","page","type-page","status-publish","hentry"],"yoast_head":"<!-- This site is optimized with the Yoast SEO plugin v27.4 - https:\/\/yoast.com\/product\/yoast-seo-wordpress\/ -->\n<title>A propos de nous - Konzertfreunde Costa Blanca<\/title>\n<meta name=\"robots\" content=\"index, follow, max-snippet:-1, max-image-preview:large, max-video-preview:-1\" \/>\n<link rel=\"canonical\" href=\"https:\/\/konzertfreunde.com\/fr\/a-propos-de-nous\/\" \/>\n<meta property=\"og:locale\" content=\"fr_FR\" \/>\n<meta property=\"og:type\" content=\"article\" \/>\n<meta property=\"og:title\" content=\"A propos de nous - Konzertfreunde Costa Blanca\" \/>\n<meta property=\"og:description\" content=\"Bienvenue chez les amis des concerts Un cor\u00addi\u00adal bon\u00adjour, chers amis des concerts&nbsp;! Bien\u00adve\u00adnue sur not\u00adre site Inter\u00adnet et, bien s\u00fbr, dans la salle de concert. \u00c9cou\u00adter et viv\u00adre une cul\u00adtu\u00adre exi\u00adge\u00adan\u00adte en lan\u00adgue alle\u00adman\u00adde ici, sur la Cos\u00adta Blan\u00adca, \u00e9tait le sou\u00adhait de nombreux r\u00e9si\u00addents et h\u00f4tes. Car ici, il n\u2019y a&nbsp;rien. La musi\u00adque [&hellip;]\" \/>\n<meta property=\"og:url\" content=\"https:\/\/konzertfreunde.com\/fr\/a-propos-de-nous\/\" \/>\n<meta property=\"og:site_name\" content=\"Konzertfreunde Costa Blanca\" \/>\n<meta property=\"article:publisher\" content=\"https:\/\/www.facebook.com\/groups\/konzertfreundecostablanca\" \/>\n<meta property=\"article:modified_time\" content=\"2024-11-24T10:55:56+00:00\" \/>\n<meta property=\"og:image\" content=\"https:\/\/konzertfreunde.com\/wp-content\/uploads\/2021\/09\/ilse_kuebler.jpg\" \/>\n\t<meta property=\"og:image:width\" content=\"768\" \/>\n\t<meta property=\"og:image:height\" content=\"512\" \/>\n\t<meta property=\"og:image:type\" content=\"image\/jpeg\" \/>\n<meta name=\"twitter:card\" content=\"summary_large_image\" \/>\n<meta name=\"twitter:label1\" content=\"Dur\u00e9e de lecture estim\u00e9e\" \/>\n\t<meta name=\"twitter:data1\" content=\"3 minutes\" \/>\n<script type=\"application\/ld+json\" class=\"yoast-schema-graph\">{\"@context\":\"https:\\\/\\\/schema.org\",\"@graph\":[{\"@type\":\"WebPage\",\"@id\":\"https:\\\/\\\/konzertfreunde.com\\\/fr\\\/a-propos-de-nous\\\/\",\"url\":\"https:\\\/\\\/konzertfreunde.com\\\/fr\\\/a-propos-de-nous\\\/\",\"name\":\"A propos de nous - Konzertfreunde Costa Blanca\",\"isPartOf\":{\"@id\":\"https:\\\/\\\/konzertfreunde.com\\\/fr\\\/#website\"},\"primaryImageOfPage\":{\"@id\":\"https:\\\/\\\/konzertfreunde.com\\\/fr\\\/a-propos-de-nous\\\/#primaryimage\"},\"image\":{\"@id\":\"https:\\\/\\\/konzertfreunde.com\\\/fr\\\/a-propos-de-nous\\\/#primaryimage\"},\"thumbnailUrl\":\"https:\\\/\\\/konzertfreunde.com\\\/wp-content\\\/uploads\\\/2021\\\/09\\\/ilse_kuebler.jpg\",\"datePublished\":\"2021-09-03T09:54:05+00:00\",\"dateModified\":\"2024-11-24T10:55:56+00:00\",\"breadcrumb\":{\"@id\":\"https:\\\/\\\/konzertfreunde.com\\\/fr\\\/a-propos-de-nous\\\/#breadcrumb\"},\"inLanguage\":\"fr-FR\",\"potentialAction\":[{\"@type\":\"ReadAction\",\"target\":[\"https:\\\/\\\/konzertfreunde.com\\\/fr\\\/a-propos-de-nous\\\/\"]}]},{\"@type\":\"ImageObject\",\"inLanguage\":\"fr-FR\",\"@id\":\"https:\\\/\\\/konzertfreunde.com\\\/fr\\\/a-propos-de-nous\\\/#primaryimage\",\"url\":\"https:\\\/\\\/konzertfreunde.com\\\/wp-content\\\/uploads\\\/2021\\\/09\\\/ilse_kuebler.jpg\",\"contentUrl\":\"https:\\\/\\\/konzertfreunde.com\\\/wp-content\\\/uploads\\\/2021\\\/09\\\/ilse_kuebler.jpg\"},{\"@type\":\"BreadcrumbList\",\"@id\":\"https:\\\/\\\/konzertfreunde.com\\\/fr\\\/a-propos-de-nous\\\/#breadcrumb\",\"itemListElement\":[{\"@type\":\"ListItem\",\"position\":1,\"name\":\"Startseite\",\"item\":\"https:\\\/\\\/konzertfreunde.com\\\/fr\\\/accueil\\\/\"},{\"@type\":\"ListItem\",\"position\":2,\"name\":\"A propos de nous\"}]},{\"@type\":\"WebSite\",\"@id\":\"https:\\\/\\\/konzertfreunde.com\\\/fr\\\/#website\",\"url\":\"https:\\\/\\\/konzertfreunde.com\\\/fr\\\/\",\"name\":\"Konzertfreunde Costa Blanca\",\"description\":\"Kultur an der Costa Blanca\",\"publisher\":{\"@id\":\"https:\\\/\\\/konzertfreunde.com\\\/fr\\\/#organization\"},\"potentialAction\":[{\"@type\":\"SearchAction\",\"target\":{\"@type\":\"EntryPoint\",\"urlTemplate\":\"https:\\\/\\\/konzertfreunde.com\\\/fr\\\/?s={search_term_string}\"},\"query-input\":{\"@type\":\"PropertyValueSpecification\",\"valueRequired\":true,\"valueName\":\"search_term_string\"}}],\"inLanguage\":\"fr-FR\"},{\"@type\":\"Organization\",\"@id\":\"https:\\\/\\\/konzertfreunde.com\\\/fr\\\/#organization\",\"name\":\"Konzertfreunde Costa Blanca\",\"url\":\"https:\\\/\\\/konzertfreunde.com\\\/fr\\\/\",\"logo\":{\"@type\":\"ImageObject\",\"inLanguage\":\"fr-FR\",\"@id\":\"https:\\\/\\\/konzertfreunde.com\\\/fr\\\/#\\\/schema\\\/logo\\\/image\\\/\",\"url\":\"https:\\\/\\\/konzertfreunde.com\\\/wp-content\\\/uploads\\\/2021\\\/09\\\/weblogo.jpg\",\"contentUrl\":\"https:\\\/\\\/konzertfreunde.com\\\/wp-content\\\/uploads\\\/2021\\\/09\\\/weblogo.jpg\",\"width\":500,\"height\":146,\"caption\":\"Konzertfreunde Costa Blanca\"},\"image\":{\"@id\":\"https:\\\/\\\/konzertfreunde.com\\\/fr\\\/#\\\/schema\\\/logo\\\/image\\\/\"},\"sameAs\":[\"https:\\\/\\\/www.facebook.com\\\/groups\\\/konzertfreundecostablanca\"]}]}<\/script>\n<!-- \/ Yoast SEO plugin. -->","yoast_head_json":{"title":"A propos de nous - Konzertfreunde Costa Blanca","robots":{"index":"index","follow":"follow","max-snippet":"max-snippet:-1","max-image-preview":"max-image-preview:large","max-video-preview":"max-video-preview:-1"},"canonical":"https:\/\/konzertfreunde.com\/fr\/a-propos-de-nous\/","og_locale":"fr_FR","og_type":"article","og_title":"A propos de nous - Konzertfreunde Costa Blanca","og_description":"Bienvenue chez les amis des concerts Un cor\u00addi\u00adal bon\u00adjour, chers amis des concerts&nbsp;! Bien\u00adve\u00adnue sur not\u00adre site Inter\u00adnet et, bien s\u00fbr, dans la salle de concert. \u00c9cou\u00adter et viv\u00adre une cul\u00adtu\u00adre exi\u00adge\u00adan\u00adte en lan\u00adgue alle\u00adman\u00adde ici, sur la Cos\u00adta Blan\u00adca, \u00e9tait le sou\u00adhait de nombreux r\u00e9si\u00addents et h\u00f4tes. Car ici, il n\u2019y a&nbsp;rien. La musi\u00adque [&hellip;]","og_url":"https:\/\/konzertfreunde.com\/fr\/a-propos-de-nous\/","og_site_name":"Konzertfreunde Costa Blanca","article_publisher":"https:\/\/www.facebook.com\/groups\/konzertfreundecostablanca","article_modified_time":"2024-11-24T10:55:56+00:00","og_image":[{"width":768,"height":512,"url":"https:\/\/konzertfreunde.com\/wp-content\/uploads\/2021\/09\/ilse_kuebler.jpg","type":"image\/jpeg"}],"twitter_card":"summary_large_image","twitter_misc":{"Dur\u00e9e de lecture estim\u00e9e":"3 minutes"},"schema":{"@context":"https:\/\/schema.org","@graph":[{"@type":"WebPage","@id":"https:\/\/konzertfreunde.com\/fr\/a-propos-de-nous\/","url":"https:\/\/konzertfreunde.com\/fr\/a-propos-de-nous\/","name":"A propos de nous - Konzertfreunde Costa Blanca","isPartOf":{"@id":"https:\/\/konzertfreunde.com\/fr\/#website"},"primaryImageOfPage":{"@id":"https:\/\/konzertfreunde.com\/fr\/a-propos-de-nous\/#primaryimage"},"image":{"@id":"https:\/\/konzertfreunde.com\/fr\/a-propos-de-nous\/#primaryimage"},"thumbnailUrl":"https:\/\/konzertfreunde.com\/wp-content\/uploads\/2021\/09\/ilse_kuebler.jpg","datePublished":"2021-09-03T09:54:05+00:00","dateModified":"2024-11-24T10:55:56+00:00","breadcrumb":{"@id":"https:\/\/konzertfreunde.com\/fr\/a-propos-de-nous\/#breadcrumb"},"inLanguage":"fr-FR","potentialAction":[{"@type":"ReadAction","target":["https:\/\/konzertfreunde.com\/fr\/a-propos-de-nous\/"]}]},{"@type":"ImageObject","inLanguage":"fr-FR","@id":"https:\/\/konzertfreunde.com\/fr\/a-propos-de-nous\/#primaryimage","url":"https:\/\/konzertfreunde.com\/wp-content\/uploads\/2021\/09\/ilse_kuebler.jpg","contentUrl":"https:\/\/konzertfreunde.com\/wp-content\/uploads\/2021\/09\/ilse_kuebler.jpg"},{"@type":"BreadcrumbList","@id":"https:\/\/konzertfreunde.com\/fr\/a-propos-de-nous\/#breadcrumb","itemListElement":[{"@type":"ListItem","position":1,"name":"Startseite","item":"https:\/\/konzertfreunde.com\/fr\/accueil\/"},{"@type":"ListItem","position":2,"name":"A propos de nous"}]},{"@type":"WebSite","@id":"https:\/\/konzertfreunde.com\/fr\/#website","url":"https:\/\/konzertfreunde.com\/fr\/","name":"Konzertfreunde Costa Blanca","description":"Kultur an der Costa Blanca","publisher":{"@id":"https:\/\/konzertfreunde.com\/fr\/#organization"},"potentialAction":[{"@type":"SearchAction","target":{"@type":"EntryPoint","urlTemplate":"https:\/\/konzertfreunde.com\/fr\/?s={search_term_string}"},"query-input":{"@type":"PropertyValueSpecification","valueRequired":true,"valueName":"search_term_string"}}],"inLanguage":"fr-FR"},{"@type":"Organization","@id":"https:\/\/konzertfreunde.com\/fr\/#organization","name":"Konzertfreunde Costa Blanca","url":"https:\/\/konzertfreunde.com\/fr\/","logo":{"@type":"ImageObject","inLanguage":"fr-FR","@id":"https:\/\/konzertfreunde.com\/fr\/#\/schema\/logo\/image\/","url":"https:\/\/konzertfreunde.com\/wp-content\/uploads\/2021\/09\/weblogo.jpg","contentUrl":"https:\/\/konzertfreunde.com\/wp-content\/uploads\/2021\/09\/weblogo.jpg","width":500,"height":146,"caption":"Konzertfreunde Costa Blanca"},"image":{"@id":"https:\/\/konzertfreunde.com\/fr\/#\/schema\/logo\/image\/"},"sameAs":["https:\/\/www.facebook.com\/groups\/konzertfreundecostablanca"]}]}},"_links":{"self":[{"href":"https:\/\/konzertfreunde.com\/fr\/wp-json\/wp\/v2\/pages\/622","targetHints":{"allow":["GET"]}}],"collection":[{"href":"https:\/\/konzertfreunde.com\/fr\/wp-json\/wp\/v2\/pages"}],"about":[{"href":"https:\/\/konzertfreunde.com\/fr\/wp-json\/wp\/v2\/types\/page"}],"author":[{"embeddable":true,"href":"https:\/\/konzertfreunde.com\/fr\/wp-json\/wp\/v2\/users\/124"}],"replies":[{"embeddable":true,"href":"https:\/\/konzertfreunde.com\/fr\/wp-json\/wp\/v2\/comments?post=622"}],"version-history":[{"count":13,"href":"https:\/\/konzertfreunde.com\/fr\/wp-json\/wp\/v2\/pages\/622\/revisions"}],"predecessor-version":[{"id":6994,"href":"https:\/\/konzertfreunde.com\/fr\/wp-json\/wp\/v2\/pages\/622\/revisions\/6994"}],"wp:attachment":[{"href":"https:\/\/konzertfreunde.com\/fr\/wp-json\/wp\/v2\/media?parent=622"}],"curies":[{"name":"wp","href":"https:\/\/api.w.org\/{rel}","templated":true}]}}