{"id":4283,"date":"2023-08-20T15:18:06","date_gmt":"2023-08-20T13:18:06","guid":{"rendered":"https:\/\/konzertfreunde.com\/produkt\/27-internationales-orgelkonzert-in-pedreguer\/"},"modified":"2023-09-14T15:53:27","modified_gmt":"2023-09-14T13:53:27","slug":"27-internationales-orgelkonzert-in-pedreguer","status":"publish","type":"product","link":"https:\/\/konzertfreunde.com\/fr\/produkt\/27-internationales-orgelkonzert-in-pedreguer\/","title":{"rendered":"27e Festival international d\u2019orgue de Pedreguer (1er concert)"},"content":{"rendered":"<p>Vous entendrez le quin\u00adtet\u00adte \u00e0&nbsp;cor\u00addes Heri\u00adta\u00adge Ensem\u00adble, que de nombreux visi\u00adteurs appr\u00e9\u00adci\u00adent d\u00e9j\u00e0, ain\u00adsi qu\u2019E\u00admi\u00adlia Onru\u00adbia, sopra\u00adno, et Juan Ram\u00f3n, fl\u00fb\u00adte \u00e0&nbsp;bec, tous ori\u00adgi\u00adn\u00adaires de Valence.<br>&nbsp;<br> Vous serez g\u00e2t\u00e9s par des \u0153uvres musi\u00adcal\u00ades de Vival\u00addi, de Haen\u00addel, un morceau de la Cr\u00e9a\u00adti\u00adon de Haydn, ain\u00adsi que le \u201cSal\u00adve Regi\u00adna\u201d de Puc\u00adci\u00adni. Les musi\u00adci\u00adens seront accom\u00adpa\u00adgn\u00e9s par le pro\u00adfes\u00adseur Vicen\u00adte Giner \u00e0&nbsp;l\u2019or\u00adgue, le cr\u00e9\u00ada\u00adteur de ce fes\u00adti\u00adval d\u2019or\u00adgue incomparable.&nbsp;<br>&nbsp;<\/p>\n<div><img fetchpriority=\"high\" decoding=\"async\" src=\"https:\/\/konzertfreunde.com\/wp-content\/uploads\/2023\/09\/1_Ensemble-Sopran-Org-1024x768.jpg\" alt width=\"800\" height=\"600\"><\/div>\n<p><\/p>\n","protected":false},"excerpt":{"rendered":"<p>Vous entendrez le quin\u00adtet\u00adte \u00e0&nbsp;cor\u00addes Heri\u00adta\u00adge Ensem\u00adble, que de nombreux visi\u00adteurs appr\u00e9\u00adci\u00adent d\u00e9j\u00e0, ain\u00adsi qu\u2019E\u00admi\u00adlia Onru\u00adbia, sopra\u00adno, et Juan Ram\u00f3n, fl\u00fb\u00adte \u00e0&nbsp;bec, tous ori\u00adgi\u00adn\u00adaires de Valence.&nbsp;Vous serez g\u00e2t\u00e9s par des \u0153uvres musi\u00adcal\u00ades de Vival\u00addi, de Haen\u00addel, un morceau de la Cr\u00e9a\u00adti\u00adon de Haydn, ain\u00adsi que le \u201cSal\u00adve Regi\u00adna\u201d de Puc\u00adci\u00adni. Les musi\u00adci\u00adens seront accompagn\u00e9s&nbsp;[\u2026]<\/p>\n","protected":false},"featured_media":4334,"template":"","meta":{"wp_typography_post_enhancements_disabled":false,"ngg_post_thumbnail":0},"product_brand":[],"product_cat":[84,85],"product_tag":[],"class_list":{"0":"post-4283","1":"product","2":"type-product","3":"status-publish","4":"has-post-thumbnail","6":"product_cat-concert-dorgue","7":"product_cat-concerts-salle","9":"first","10":"instock","11":"virtual","12":"taxable","13":"purchasable","14":"product-type-simple"},"yoast_head":"<!-- This site is optimized with the Yoast SEO plugin v27.3 - https:\/\/yoast.com\/product\/yoast-seo-wordpress\/ -->\n<title>27e Festival international d&#8217;orgue de Pedreguer (1er concert) - Konzertfreunde Costa Blanca<\/title>\n<meta name=\"robots\" content=\"index, follow, max-snippet:-1, max-image-preview:large, max-video-preview:-1\" \/>\n<link rel=\"canonical\" href=\"https:\/\/konzertfreunde.com\/fr\/produkt\/27-internationales-orgelkonzert-in-pedreguer\/\" \/>\n<meta property=\"og:locale\" content=\"fr_FR\" \/>\n<meta property=\"og:type\" content=\"article\" \/>\n<meta property=\"og:title\" content=\"27e Festival international d&#8217;orgue de Pedreguer (1er concert) - Konzertfreunde Costa Blanca\" \/>\n<meta property=\"og:description\" content=\"Vous entendrez le quin\u00adtet\u00adte \u00e0&nbsp;cor\u00addes Heri\u00adta\u00adge Ensem\u00adble, que de nombreux visi\u00adteurs appr\u00e9\u00adci\u00adent d\u00e9j\u00e0, ain\u00adsi qu\u2019E\u00admi\u00adlia Onru\u00adbia, sopra\u00adno, et Juan Ram\u00f3n, fl\u00fb\u00adte \u00e0&nbsp;bec, tous ori\u00adgi\u00adn\u00adaires de Valence.&nbsp; Vous serez g\u00e2t\u00e9s par des \u0153uvres musi\u00adcal\u00ades de Vival\u00addi, de Haen\u00addel, un morceau de la Cr\u00e9a\u00adti\u00adon de Haydn, ain\u00adsi que le \u201cSal\u00adve Regi\u00adna\u201d de Puc\u00adci\u00adni. Les musi\u00adci\u00adens seront accom\u00adpa\u00adgn\u00e9s [&hellip;]\" \/>\n<meta property=\"og:url\" content=\"https:\/\/konzertfreunde.com\/fr\/produkt\/27-internationales-orgelkonzert-in-pedreguer\/\" \/>\n<meta property=\"og:site_name\" content=\"Konzertfreunde Costa Blanca\" \/>\n<meta property=\"article:publisher\" content=\"https:\/\/www.facebook.com\/groups\/konzertfreundecostablanca\" \/>\n<meta property=\"article:modified_time\" content=\"2023-09-14T13:53:27+00:00\" \/>\n<meta property=\"og:image\" content=\"https:\/\/konzertfreunde.com\/wp-content\/uploads\/2023\/01\/1_Emilia-JV-Giner-scaled-e1694699593187.jpg\" \/>\n\t<meta property=\"og:image:width\" content=\"1920\" \/>\n\t<meta property=\"og:image:height\" content=\"1756\" \/>\n\t<meta property=\"og:image:type\" content=\"image\/jpeg\" \/>\n<meta name=\"twitter:card\" content=\"summary_large_image\" \/>\n<script type=\"application\/ld+json\" class=\"yoast-schema-graph\">{\"@context\":\"https:\\\/\\\/schema.org\",\"@graph\":[{\"@type\":\"WebPage\",\"@id\":\"https:\\\/\\\/konzertfreunde.com\\\/fr\\\/produkt\\\/27-internationales-orgelkonzert-in-pedreguer\\\/\",\"url\":\"https:\\\/\\\/konzertfreunde.com\\\/fr\\\/produkt\\\/27-internationales-orgelkonzert-in-pedreguer\\\/\",\"name\":\"27e Festival international d&#8217;orgue de Pedreguer (1er concert) - Konzertfreunde Costa Blanca\",\"isPartOf\":{\"@id\":\"https:\\\/\\\/konzertfreunde.com\\\/fr\\\/#website\"},\"primaryImageOfPage\":{\"@id\":\"https:\\\/\\\/konzertfreunde.com\\\/fr\\\/produkt\\\/27-internationales-orgelkonzert-in-pedreguer\\\/#primaryimage\"},\"image\":{\"@id\":\"https:\\\/\\\/konzertfreunde.com\\\/fr\\\/produkt\\\/27-internationales-orgelkonzert-in-pedreguer\\\/#primaryimage\"},\"thumbnailUrl\":\"https:\\\/\\\/konzertfreunde.com\\\/wp-content\\\/uploads\\\/2023\\\/01\\\/1_Emilia-JV-Giner-scaled-e1694699593187.jpg\",\"datePublished\":\"2023-08-20T13:18:06+00:00\",\"dateModified\":\"2023-09-14T13:53:27+00:00\",\"breadcrumb\":{\"@id\":\"https:\\\/\\\/konzertfreunde.com\\\/fr\\\/produkt\\\/27-internationales-orgelkonzert-in-pedreguer\\\/#breadcrumb\"},\"inLanguage\":\"fr-FR\",\"potentialAction\":[{\"@type\":\"ReadAction\",\"target\":[\"https:\\\/\\\/konzertfreunde.com\\\/fr\\\/produkt\\\/27-internationales-orgelkonzert-in-pedreguer\\\/\"]}]},{\"@type\":\"ImageObject\",\"inLanguage\":\"fr-FR\",\"@id\":\"https:\\\/\\\/konzertfreunde.com\\\/fr\\\/produkt\\\/27-internationales-orgelkonzert-in-pedreguer\\\/#primaryimage\",\"url\":\"https:\\\/\\\/konzertfreunde.com\\\/wp-content\\\/uploads\\\/2023\\\/01\\\/1_Emilia-JV-Giner-scaled-e1694699593187.jpg\",\"contentUrl\":\"https:\\\/\\\/konzertfreunde.com\\\/wp-content\\\/uploads\\\/2023\\\/01\\\/1_Emilia-JV-Giner-scaled-e1694699593187.jpg\",\"width\":1920,\"height\":1756},{\"@type\":\"BreadcrumbList\",\"@id\":\"https:\\\/\\\/konzertfreunde.com\\\/fr\\\/produkt\\\/27-internationales-orgelkonzert-in-pedreguer\\\/#breadcrumb\",\"itemListElement\":[{\"@type\":\"ListItem\",\"position\":1,\"name\":\"Startseite\",\"item\":\"https:\\\/\\\/konzertfreunde.com\\\/fr\\\/accueil\\\/\"},{\"@type\":\"ListItem\",\"position\":2,\"name\":\"Boutique\",\"item\":\"https:\\\/\\\/konzertfreunde.com\\\/fr\\\/boutique\\\/\"},{\"@type\":\"ListItem\",\"position\":3,\"name\":\"27e Festival international d&#8217;orgue de Pedreguer (1er concert)\"}]},{\"@type\":\"WebSite\",\"@id\":\"https:\\\/\\\/konzertfreunde.com\\\/fr\\\/#website\",\"url\":\"https:\\\/\\\/konzertfreunde.com\\\/fr\\\/\",\"name\":\"Konzertfreunde Costa Blanca\",\"description\":\"Kultur an der Costa Blanca\",\"publisher\":{\"@id\":\"https:\\\/\\\/konzertfreunde.com\\\/fr\\\/#organization\"},\"potentialAction\":[{\"@type\":\"SearchAction\",\"target\":{\"@type\":\"EntryPoint\",\"urlTemplate\":\"https:\\\/\\\/konzertfreunde.com\\\/fr\\\/?s={search_term_string}\"},\"query-input\":{\"@type\":\"PropertyValueSpecification\",\"valueRequired\":true,\"valueName\":\"search_term_string\"}}],\"inLanguage\":\"fr-FR\"},{\"@type\":\"Organization\",\"@id\":\"https:\\\/\\\/konzertfreunde.com\\\/fr\\\/#organization\",\"name\":\"Konzertfreunde Costa Blanca\",\"url\":\"https:\\\/\\\/konzertfreunde.com\\\/fr\\\/\",\"logo\":{\"@type\":\"ImageObject\",\"inLanguage\":\"fr-FR\",\"@id\":\"https:\\\/\\\/konzertfreunde.com\\\/fr\\\/#\\\/schema\\\/logo\\\/image\\\/\",\"url\":\"https:\\\/\\\/konzertfreunde.com\\\/wp-content\\\/uploads\\\/2021\\\/09\\\/weblogo.jpg\",\"contentUrl\":\"https:\\\/\\\/konzertfreunde.com\\\/wp-content\\\/uploads\\\/2021\\\/09\\\/weblogo.jpg\",\"width\":500,\"height\":146,\"caption\":\"Konzertfreunde Costa Blanca\"},\"image\":{\"@id\":\"https:\\\/\\\/konzertfreunde.com\\\/fr\\\/#\\\/schema\\\/logo\\\/image\\\/\"},\"sameAs\":[\"https:\\\/\\\/www.facebook.com\\\/groups\\\/konzertfreundecostablanca\"]}]}<\/script>\n<!-- \/ Yoast SEO plugin. -->","yoast_head_json":{"title":"27e Festival international d&#8217;orgue de Pedreguer (1er concert) - Konzertfreunde Costa Blanca","robots":{"index":"index","follow":"follow","max-snippet":"max-snippet:-1","max-image-preview":"max-image-preview:large","max-video-preview":"max-video-preview:-1"},"canonical":"https:\/\/konzertfreunde.com\/fr\/produkt\/27-internationales-orgelkonzert-in-pedreguer\/","og_locale":"fr_FR","og_type":"article","og_title":"27e Festival international d&#8217;orgue de Pedreguer (1er concert) - Konzertfreunde Costa Blanca","og_description":"Vous entendrez le quin\u00adtet\u00adte \u00e0&nbsp;cor\u00addes Heri\u00adta\u00adge Ensem\u00adble, que de nombreux visi\u00adteurs appr\u00e9\u00adci\u00adent d\u00e9j\u00e0, ain\u00adsi qu\u2019E\u00admi\u00adlia Onru\u00adbia, sopra\u00adno, et Juan Ram\u00f3n, fl\u00fb\u00adte \u00e0&nbsp;bec, tous ori\u00adgi\u00adn\u00adaires de Valence.&nbsp; Vous serez g\u00e2t\u00e9s par des \u0153uvres musi\u00adcal\u00ades de Vival\u00addi, de Haen\u00addel, un morceau de la Cr\u00e9a\u00adti\u00adon de Haydn, ain\u00adsi que le \u201cSal\u00adve Regi\u00adna\u201d de Puc\u00adci\u00adni. Les musi\u00adci\u00adens seront accom\u00adpa\u00adgn\u00e9s [&hellip;]","og_url":"https:\/\/konzertfreunde.com\/fr\/produkt\/27-internationales-orgelkonzert-in-pedreguer\/","og_site_name":"Konzertfreunde Costa Blanca","article_publisher":"https:\/\/www.facebook.com\/groups\/konzertfreundecostablanca","article_modified_time":"2023-09-14T13:53:27+00:00","og_image":[{"width":1920,"height":1756,"url":"https:\/\/konzertfreunde.com\/wp-content\/uploads\/2023\/01\/1_Emilia-JV-Giner-scaled-e1694699593187.jpg","type":"image\/jpeg"}],"twitter_card":"summary_large_image","schema":{"@context":"https:\/\/schema.org","@graph":[{"@type":"WebPage","@id":"https:\/\/konzertfreunde.com\/fr\/produkt\/27-internationales-orgelkonzert-in-pedreguer\/","url":"https:\/\/konzertfreunde.com\/fr\/produkt\/27-internationales-orgelkonzert-in-pedreguer\/","name":"27e Festival international d&#8217;orgue de Pedreguer (1er concert) - Konzertfreunde Costa Blanca","isPartOf":{"@id":"https:\/\/konzertfreunde.com\/fr\/#website"},"primaryImageOfPage":{"@id":"https:\/\/konzertfreunde.com\/fr\/produkt\/27-internationales-orgelkonzert-in-pedreguer\/#primaryimage"},"image":{"@id":"https:\/\/konzertfreunde.com\/fr\/produkt\/27-internationales-orgelkonzert-in-pedreguer\/#primaryimage"},"thumbnailUrl":"https:\/\/konzertfreunde.com\/wp-content\/uploads\/2023\/01\/1_Emilia-JV-Giner-scaled-e1694699593187.jpg","datePublished":"2023-08-20T13:18:06+00:00","dateModified":"2023-09-14T13:53:27+00:00","breadcrumb":{"@id":"https:\/\/konzertfreunde.com\/fr\/produkt\/27-internationales-orgelkonzert-in-pedreguer\/#breadcrumb"},"inLanguage":"fr-FR","potentialAction":[{"@type":"ReadAction","target":["https:\/\/konzertfreunde.com\/fr\/produkt\/27-internationales-orgelkonzert-in-pedreguer\/"]}]},{"@type":"ImageObject","inLanguage":"fr-FR","@id":"https:\/\/konzertfreunde.com\/fr\/produkt\/27-internationales-orgelkonzert-in-pedreguer\/#primaryimage","url":"https:\/\/konzertfreunde.com\/wp-content\/uploads\/2023\/01\/1_Emilia-JV-Giner-scaled-e1694699593187.jpg","contentUrl":"https:\/\/konzertfreunde.com\/wp-content\/uploads\/2023\/01\/1_Emilia-JV-Giner-scaled-e1694699593187.jpg","width":1920,"height":1756},{"@type":"BreadcrumbList","@id":"https:\/\/konzertfreunde.com\/fr\/produkt\/27-internationales-orgelkonzert-in-pedreguer\/#breadcrumb","itemListElement":[{"@type":"ListItem","position":1,"name":"Startseite","item":"https:\/\/konzertfreunde.com\/fr\/accueil\/"},{"@type":"ListItem","position":2,"name":"Boutique","item":"https:\/\/konzertfreunde.com\/fr\/boutique\/"},{"@type":"ListItem","position":3,"name":"27e Festival international d&#8217;orgue de Pedreguer (1er concert)"}]},{"@type":"WebSite","@id":"https:\/\/konzertfreunde.com\/fr\/#website","url":"https:\/\/konzertfreunde.com\/fr\/","name":"Konzertfreunde Costa Blanca","description":"Kultur an der Costa Blanca","publisher":{"@id":"https:\/\/konzertfreunde.com\/fr\/#organization"},"potentialAction":[{"@type":"SearchAction","target":{"@type":"EntryPoint","urlTemplate":"https:\/\/konzertfreunde.com\/fr\/?s={search_term_string}"},"query-input":{"@type":"PropertyValueSpecification","valueRequired":true,"valueName":"search_term_string"}}],"inLanguage":"fr-FR"},{"@type":"Organization","@id":"https:\/\/konzertfreunde.com\/fr\/#organization","name":"Konzertfreunde Costa Blanca","url":"https:\/\/konzertfreunde.com\/fr\/","logo":{"@type":"ImageObject","inLanguage":"fr-FR","@id":"https:\/\/konzertfreunde.com\/fr\/#\/schema\/logo\/image\/","url":"https:\/\/konzertfreunde.com\/wp-content\/uploads\/2021\/09\/weblogo.jpg","contentUrl":"https:\/\/konzertfreunde.com\/wp-content\/uploads\/2021\/09\/weblogo.jpg","width":500,"height":146,"caption":"Konzertfreunde Costa Blanca"},"image":{"@id":"https:\/\/konzertfreunde.com\/fr\/#\/schema\/logo\/image\/"},"sameAs":["https:\/\/www.facebook.com\/groups\/konzertfreundecostablanca"]}]}},"_links":{"self":[{"href":"https:\/\/konzertfreunde.com\/fr\/wp-json\/wp\/v2\/product\/4283","targetHints":{"allow":["GET"]}}],"collection":[{"href":"https:\/\/konzertfreunde.com\/fr\/wp-json\/wp\/v2\/product"}],"about":[{"href":"https:\/\/konzertfreunde.com\/fr\/wp-json\/wp\/v2\/types\/product"}],"wp:featuredmedia":[{"embeddable":true,"href":"https:\/\/konzertfreunde.com\/fr\/wp-json\/wp\/v2\/media\/4334"}],"wp:attachment":[{"href":"https:\/\/konzertfreunde.com\/fr\/wp-json\/wp\/v2\/media?parent=4283"}],"wp:term":[{"taxonomy":"product_brand","embeddable":true,"href":"https:\/\/konzertfreunde.com\/fr\/wp-json\/wp\/v2\/product_brand?post=4283"},{"taxonomy":"product_cat","embeddable":true,"href":"https:\/\/konzertfreunde.com\/fr\/wp-json\/wp\/v2\/product_cat?post=4283"},{"taxonomy":"product_tag","embeddable":true,"href":"https:\/\/konzertfreunde.com\/fr\/wp-json\/wp\/v2\/product_tag?post=4283"}],"curies":[{"name":"wp","href":"https:\/\/api.w.org\/{rel}","templated":true}]}}