{"id":5071,"date":"2023-11-16T10:58:19","date_gmt":"2023-11-16T09:58:19","guid":{"rendered":"https:\/\/konzertfreunde.com\/produkt\/concert-du-nouvel-an-2024\/"},"modified":"2023-11-16T10:58:44","modified_gmt":"2023-11-16T09:58:44","slug":"concert-du-nouvel-an-2024","status":"publish","type":"product","link":"https:\/\/konzertfreunde.com\/fr\/produkt\/concert-du-nouvel-an-2024\/","title":{"rendered":"Concert du Nouvel An&nbsp;2024"},"content":{"rendered":"<h4>\u201cMagie de la clarinette\u201d<\/h4>\n<p>Par\u00adti\u00adci\u00adpent : l\u2019en\u00adsem\u00adble de solis\u00adtes de la Phil\u00adhar\u00admo\u00adnie de Fran\u00adc\u00adfort, Juri Gil\u00adbo direc\u00adtion, com\u00adme invi\u00adt\u00e9 : Roman Kuper\u00adschmidt, clarinette.<br>&nbsp;<\/p>\n<p>Le d\u00e9but est d\u00e9j\u00e0 un plai\u00adsir : des extraits du con\u00adcer\u00adto pour cla\u00adri\u00adnet\u00adte de Mozart\u2026, sui\u00advis de com\u00adpo\u00adsi\u00adti\u00adons de Tcha\u00ef\u00adkov\u00adski, Weber, Brahms, jus\u00adqu\u2019\u00e0 la dan\u00adse du sab\u00adre qui intro\u00adduit l\u2019entracte.<br>&nbsp;<\/p>\n<p>La deu\u00adxi\u00e8\u00adme par\u00adtie est tout aus\u00adsi pas\u00adsi\u00adon\u00adnan\u00adte : Sum\u00admer time, Ana\u00adtev\u00adka, autant de m\u00e9lo\u00addies popu\u00adlai\u00adres de com\u00e9\u00addies musi\u00adcal\u00ades con\u00adnues. R\u00e9ser\u00advez t\u00f4t, les places sont num\u00e9\u00adro\u00adt\u00e9es et il n\u2019y a&nbsp;qu\u2019un seul concert.<\/p>\n","protected":false},"excerpt":{"rendered":"<p>\u201cMagie de la cla\u00adri\u00adnet\u00adte\u201d Par\u00adti\u00adci\u00adpent : l\u2019en\u00adsem\u00adble de solis\u00adtes de la Phil\u00adhar\u00admo\u00adnie de Fran\u00adc\u00adfort, Juri Gil\u00adbo direc\u00adtion, com\u00adme invi\u00adt\u00e9 : Roman Kuper\u00adschmidt, cla\u00adri\u00adnet\u00adte.&nbsp;Le d\u00e9but est d\u00e9j\u00e0 un plai\u00adsir : des extraits du con\u00adcer\u00adto pour cla\u00adri\u00adnet\u00adte de Mozart\u2026, sui\u00advis de com\u00adpo\u00adsi\u00adti\u00adons de Tcha\u00ef\u00adkov\u00adski, Weber, Brahms, jus\u00adqu\u2019\u00e0 la dan\u00adse du sab\u00adre qui intro\u00adduit l\u2019entracte.&nbsp;La deuxi\u00e8me&nbsp;[\u2026]<\/p>\n","protected":false},"featured_media":5032,"template":"","meta":{"wp_typography_post_enhancements_disabled":false,"ngg_post_thumbnail":0},"product_brand":[],"product_cat":[85],"product_tag":[],"class_list":{"0":"post-5071","1":"product","2":"type-product","3":"status-publish","4":"has-post-thumbnail","6":"product_cat-concerts-salle","8":"first","9":"instock","10":"virtual","11":"taxable","12":"purchasable","13":"product-type-simple"},"yoast_head":"<!-- This site is optimized with the Yoast SEO plugin v27.4 - https:\/\/yoast.com\/product\/yoast-seo-wordpress\/ -->\n<title>Concert du Nouvel An 2024 - Konzertfreunde Costa Blanca<\/title>\n<meta name=\"robots\" content=\"index, follow, max-snippet:-1, max-image-preview:large, max-video-preview:-1\" \/>\n<link rel=\"canonical\" href=\"https:\/\/konzertfreunde.com\/fr\/produkt\/concert-du-nouvel-an-2024\/\" \/>\n<meta property=\"og:locale\" content=\"fr_FR\" \/>\n<meta property=\"og:type\" content=\"article\" \/>\n<meta property=\"og:title\" content=\"Concert du Nouvel An 2024 - Konzertfreunde Costa Blanca\" \/>\n<meta property=\"og:description\" content=\"\u201cMagie de la clarinette\u201d Par\u00adti\u00adci\u00adpent : l\u2019en\u00adsem\u00adble de solis\u00adtes de la Phil\u00adhar\u00admo\u00adnie de Fran\u00adc\u00adfort, Juri Gil\u00adbo direc\u00adtion, com\u00adme invi\u00adt\u00e9 : Roman Kuper\u00adschmidt, clarinette.&nbsp; Le d\u00e9but est d\u00e9j\u00e0 un plai\u00adsir : des extraits du con\u00adcer\u00adto pour cla\u00adri\u00adnet\u00adte de Mozart\u2026, sui\u00advis de com\u00adpo\u00adsi\u00adti\u00adons de Tcha\u00ef\u00adkov\u00adski, Weber, Brahms, jus\u00adqu\u2019\u00e0 la dan\u00adse du sab\u00adre qui intro\u00adduit l\u2019entracte.&nbsp; La deu\u00adxi\u00e8\u00adme [&hellip;]\" \/>\n<meta property=\"og:url\" content=\"https:\/\/konzertfreunde.com\/fr\/produkt\/concert-du-nouvel-an-2024\/\" \/>\n<meta property=\"og:site_name\" content=\"Konzertfreunde Costa Blanca\" \/>\n<meta property=\"article:publisher\" content=\"https:\/\/www.facebook.com\/groups\/konzertfreundecostablanca\" \/>\n<meta property=\"article:modified_time\" content=\"2023-11-16T09:58:44+00:00\" \/>\n<meta property=\"og:image\" content=\"https:\/\/konzertfreunde.com\/wp-content\/uploads\/2023\/09\/Klarinetenmusiker.jpg\" \/>\n\t<meta property=\"og:image:width\" content=\"2172\" \/>\n\t<meta property=\"og:image:height\" content=\"2336\" \/>\n\t<meta property=\"og:image:type\" content=\"image\/jpeg\" \/>\n<meta name=\"twitter:card\" content=\"summary_large_image\" \/>\n<script type=\"application\/ld+json\" class=\"yoast-schema-graph\">{\"@context\":\"https:\\\/\\\/schema.org\",\"@graph\":[{\"@type\":\"WebPage\",\"@id\":\"https:\\\/\\\/konzertfreunde.com\\\/fr\\\/produkt\\\/concert-du-nouvel-an-2024\\\/\",\"url\":\"https:\\\/\\\/konzertfreunde.com\\\/fr\\\/produkt\\\/concert-du-nouvel-an-2024\\\/\",\"name\":\"Concert du Nouvel An 2024 - Konzertfreunde Costa Blanca\",\"isPartOf\":{\"@id\":\"https:\\\/\\\/konzertfreunde.com\\\/fr\\\/#website\"},\"primaryImageOfPage\":{\"@id\":\"https:\\\/\\\/konzertfreunde.com\\\/fr\\\/produkt\\\/concert-du-nouvel-an-2024\\\/#primaryimage\"},\"image\":{\"@id\":\"https:\\\/\\\/konzertfreunde.com\\\/fr\\\/produkt\\\/concert-du-nouvel-an-2024\\\/#primaryimage\"},\"thumbnailUrl\":\"https:\\\/\\\/konzertfreunde.com\\\/wp-content\\\/uploads\\\/2023\\\/09\\\/Klarinetenmusiker.jpg\",\"datePublished\":\"2023-11-16T09:58:19+00:00\",\"dateModified\":\"2023-11-16T09:58:44+00:00\",\"breadcrumb\":{\"@id\":\"https:\\\/\\\/konzertfreunde.com\\\/fr\\\/produkt\\\/concert-du-nouvel-an-2024\\\/#breadcrumb\"},\"inLanguage\":\"fr-FR\",\"potentialAction\":[{\"@type\":\"ReadAction\",\"target\":[\"https:\\\/\\\/konzertfreunde.com\\\/fr\\\/produkt\\\/concert-du-nouvel-an-2024\\\/\"]}]},{\"@type\":\"ImageObject\",\"inLanguage\":\"fr-FR\",\"@id\":\"https:\\\/\\\/konzertfreunde.com\\\/fr\\\/produkt\\\/concert-du-nouvel-an-2024\\\/#primaryimage\",\"url\":\"https:\\\/\\\/konzertfreunde.com\\\/wp-content\\\/uploads\\\/2023\\\/09\\\/Klarinetenmusiker.jpg\",\"contentUrl\":\"https:\\\/\\\/konzertfreunde.com\\\/wp-content\\\/uploads\\\/2023\\\/09\\\/Klarinetenmusiker.jpg\",\"width\":2172,\"height\":2336},{\"@type\":\"BreadcrumbList\",\"@id\":\"https:\\\/\\\/konzertfreunde.com\\\/fr\\\/produkt\\\/concert-du-nouvel-an-2024\\\/#breadcrumb\",\"itemListElement\":[{\"@type\":\"ListItem\",\"position\":1,\"name\":\"Startseite\",\"item\":\"https:\\\/\\\/konzertfreunde.com\\\/fr\\\/accueil\\\/\"},{\"@type\":\"ListItem\",\"position\":2,\"name\":\"Boutique\",\"item\":\"https:\\\/\\\/konzertfreunde.com\\\/fr\\\/boutique\\\/\"},{\"@type\":\"ListItem\",\"position\":3,\"name\":\"Concert du Nouvel An 2024\"}]},{\"@type\":\"WebSite\",\"@id\":\"https:\\\/\\\/konzertfreunde.com\\\/fr\\\/#website\",\"url\":\"https:\\\/\\\/konzertfreunde.com\\\/fr\\\/\",\"name\":\"Konzertfreunde Costa Blanca\",\"description\":\"Kultur an der Costa Blanca\",\"publisher\":{\"@id\":\"https:\\\/\\\/konzertfreunde.com\\\/fr\\\/#organization\"},\"potentialAction\":[{\"@type\":\"SearchAction\",\"target\":{\"@type\":\"EntryPoint\",\"urlTemplate\":\"https:\\\/\\\/konzertfreunde.com\\\/fr\\\/?s={search_term_string}\"},\"query-input\":{\"@type\":\"PropertyValueSpecification\",\"valueRequired\":true,\"valueName\":\"search_term_string\"}}],\"inLanguage\":\"fr-FR\"},{\"@type\":\"Organization\",\"@id\":\"https:\\\/\\\/konzertfreunde.com\\\/fr\\\/#organization\",\"name\":\"Konzertfreunde Costa Blanca\",\"url\":\"https:\\\/\\\/konzertfreunde.com\\\/fr\\\/\",\"logo\":{\"@type\":\"ImageObject\",\"inLanguage\":\"fr-FR\",\"@id\":\"https:\\\/\\\/konzertfreunde.com\\\/fr\\\/#\\\/schema\\\/logo\\\/image\\\/\",\"url\":\"https:\\\/\\\/konzertfreunde.com\\\/wp-content\\\/uploads\\\/2021\\\/09\\\/weblogo.jpg\",\"contentUrl\":\"https:\\\/\\\/konzertfreunde.com\\\/wp-content\\\/uploads\\\/2021\\\/09\\\/weblogo.jpg\",\"width\":500,\"height\":146,\"caption\":\"Konzertfreunde Costa Blanca\"},\"image\":{\"@id\":\"https:\\\/\\\/konzertfreunde.com\\\/fr\\\/#\\\/schema\\\/logo\\\/image\\\/\"},\"sameAs\":[\"https:\\\/\\\/www.facebook.com\\\/groups\\\/konzertfreundecostablanca\"]}]}<\/script>\n<!-- \/ Yoast SEO plugin. -->","yoast_head_json":{"title":"Concert du Nouvel An 2024 - Konzertfreunde Costa Blanca","robots":{"index":"index","follow":"follow","max-snippet":"max-snippet:-1","max-image-preview":"max-image-preview:large","max-video-preview":"max-video-preview:-1"},"canonical":"https:\/\/konzertfreunde.com\/fr\/produkt\/concert-du-nouvel-an-2024\/","og_locale":"fr_FR","og_type":"article","og_title":"Concert du Nouvel An 2024 - Konzertfreunde Costa Blanca","og_description":"\u201cMagie de la clarinette\u201d Par\u00adti\u00adci\u00adpent : l\u2019en\u00adsem\u00adble de solis\u00adtes de la Phil\u00adhar\u00admo\u00adnie de Fran\u00adc\u00adfort, Juri Gil\u00adbo direc\u00adtion, com\u00adme invi\u00adt\u00e9 : Roman Kuper\u00adschmidt, clarinette.&nbsp; Le d\u00e9but est d\u00e9j\u00e0 un plai\u00adsir : des extraits du con\u00adcer\u00adto pour cla\u00adri\u00adnet\u00adte de Mozart\u2026, sui\u00advis de com\u00adpo\u00adsi\u00adti\u00adons de Tcha\u00ef\u00adkov\u00adski, Weber, Brahms, jus\u00adqu\u2019\u00e0 la dan\u00adse du sab\u00adre qui intro\u00adduit l\u2019entracte.&nbsp; La deu\u00adxi\u00e8\u00adme [&hellip;]","og_url":"https:\/\/konzertfreunde.com\/fr\/produkt\/concert-du-nouvel-an-2024\/","og_site_name":"Konzertfreunde Costa Blanca","article_publisher":"https:\/\/www.facebook.com\/groups\/konzertfreundecostablanca","article_modified_time":"2023-11-16T09:58:44+00:00","og_image":[{"width":2172,"height":2336,"url":"https:\/\/konzertfreunde.com\/wp-content\/uploads\/2023\/09\/Klarinetenmusiker.jpg","type":"image\/jpeg"}],"twitter_card":"summary_large_image","schema":{"@context":"https:\/\/schema.org","@graph":[{"@type":"WebPage","@id":"https:\/\/konzertfreunde.com\/fr\/produkt\/concert-du-nouvel-an-2024\/","url":"https:\/\/konzertfreunde.com\/fr\/produkt\/concert-du-nouvel-an-2024\/","name":"Concert du Nouvel An 2024 - Konzertfreunde Costa Blanca","isPartOf":{"@id":"https:\/\/konzertfreunde.com\/fr\/#website"},"primaryImageOfPage":{"@id":"https:\/\/konzertfreunde.com\/fr\/produkt\/concert-du-nouvel-an-2024\/#primaryimage"},"image":{"@id":"https:\/\/konzertfreunde.com\/fr\/produkt\/concert-du-nouvel-an-2024\/#primaryimage"},"thumbnailUrl":"https:\/\/konzertfreunde.com\/wp-content\/uploads\/2023\/09\/Klarinetenmusiker.jpg","datePublished":"2023-11-16T09:58:19+00:00","dateModified":"2023-11-16T09:58:44+00:00","breadcrumb":{"@id":"https:\/\/konzertfreunde.com\/fr\/produkt\/concert-du-nouvel-an-2024\/#breadcrumb"},"inLanguage":"fr-FR","potentialAction":[{"@type":"ReadAction","target":["https:\/\/konzertfreunde.com\/fr\/produkt\/concert-du-nouvel-an-2024\/"]}]},{"@type":"ImageObject","inLanguage":"fr-FR","@id":"https:\/\/konzertfreunde.com\/fr\/produkt\/concert-du-nouvel-an-2024\/#primaryimage","url":"https:\/\/konzertfreunde.com\/wp-content\/uploads\/2023\/09\/Klarinetenmusiker.jpg","contentUrl":"https:\/\/konzertfreunde.com\/wp-content\/uploads\/2023\/09\/Klarinetenmusiker.jpg","width":2172,"height":2336},{"@type":"BreadcrumbList","@id":"https:\/\/konzertfreunde.com\/fr\/produkt\/concert-du-nouvel-an-2024\/#breadcrumb","itemListElement":[{"@type":"ListItem","position":1,"name":"Startseite","item":"https:\/\/konzertfreunde.com\/fr\/accueil\/"},{"@type":"ListItem","position":2,"name":"Boutique","item":"https:\/\/konzertfreunde.com\/fr\/boutique\/"},{"@type":"ListItem","position":3,"name":"Concert du Nouvel An 2024"}]},{"@type":"WebSite","@id":"https:\/\/konzertfreunde.com\/fr\/#website","url":"https:\/\/konzertfreunde.com\/fr\/","name":"Konzertfreunde Costa Blanca","description":"Kultur an der Costa Blanca","publisher":{"@id":"https:\/\/konzertfreunde.com\/fr\/#organization"},"potentialAction":[{"@type":"SearchAction","target":{"@type":"EntryPoint","urlTemplate":"https:\/\/konzertfreunde.com\/fr\/?s={search_term_string}"},"query-input":{"@type":"PropertyValueSpecification","valueRequired":true,"valueName":"search_term_string"}}],"inLanguage":"fr-FR"},{"@type":"Organization","@id":"https:\/\/konzertfreunde.com\/fr\/#organization","name":"Konzertfreunde Costa Blanca","url":"https:\/\/konzertfreunde.com\/fr\/","logo":{"@type":"ImageObject","inLanguage":"fr-FR","@id":"https:\/\/konzertfreunde.com\/fr\/#\/schema\/logo\/image\/","url":"https:\/\/konzertfreunde.com\/wp-content\/uploads\/2021\/09\/weblogo.jpg","contentUrl":"https:\/\/konzertfreunde.com\/wp-content\/uploads\/2021\/09\/weblogo.jpg","width":500,"height":146,"caption":"Konzertfreunde Costa Blanca"},"image":{"@id":"https:\/\/konzertfreunde.com\/fr\/#\/schema\/logo\/image\/"},"sameAs":["https:\/\/www.facebook.com\/groups\/konzertfreundecostablanca"]}]}},"_links":{"self":[{"href":"https:\/\/konzertfreunde.com\/fr\/wp-json\/wp\/v2\/product\/5071","targetHints":{"allow":["GET"]}}],"collection":[{"href":"https:\/\/konzertfreunde.com\/fr\/wp-json\/wp\/v2\/product"}],"about":[{"href":"https:\/\/konzertfreunde.com\/fr\/wp-json\/wp\/v2\/types\/product"}],"wp:featuredmedia":[{"embeddable":true,"href":"https:\/\/konzertfreunde.com\/fr\/wp-json\/wp\/v2\/media\/5032"}],"wp:attachment":[{"href":"https:\/\/konzertfreunde.com\/fr\/wp-json\/wp\/v2\/media?parent=5071"}],"wp:term":[{"taxonomy":"product_brand","embeddable":true,"href":"https:\/\/konzertfreunde.com\/fr\/wp-json\/wp\/v2\/product_brand?post=5071"},{"taxonomy":"product_cat","embeddable":true,"href":"https:\/\/konzertfreunde.com\/fr\/wp-json\/wp\/v2\/product_cat?post=5071"},{"taxonomy":"product_tag","embeddable":true,"href":"https:\/\/konzertfreunde.com\/fr\/wp-json\/wp\/v2\/product_tag?post=5071"}],"curies":[{"name":"wp","href":"https:\/\/api.w.org\/{rel}","templated":true}]}}