{"id":5274,"date":"2024-01-26T19:15:42","date_gmt":"2024-01-26T18:15:42","guid":{"rendered":"https:\/\/konzertfreunde.com\/produkt\/claudio-carbo-au-piano\/"},"modified":"2024-01-26T19:20:25","modified_gmt":"2024-01-26T18:20:25","slug":"claudio-carbo-au-piano","status":"publish","type":"product","link":"https:\/\/konzertfreunde.com\/fr\/produkt\/claudio-carbo-au-piano\/","title":{"rendered":"Claudio Carb\u00f3 au&nbsp;piano"},"content":{"rendered":"<h5 style=\"text-align: center;\">Vous entendrez le c\u00e9l\u00e8bre pianiste et sp\u00e9cialiste de Chopin Claudio Carb\u00f3 au piano. La soir\u00e9e est enti\u00e8rement plac\u00e9e sous la devise : \u201cPo\u00e9sie au&nbsp;piano\u201d.<br> R\u00c9CITAL D\u00c9NIA 23 F\u00c9VRIER 2024<\/h5>\n<h5 style=\"text-align: center;\">\u201cPo\u00e9sie au&nbsp;piano\u201d.<\/h5>\n<p>PROGRAMME<\/p>\n<p>F. CHOPIN (1810\u22121849) : Polo\u00adnai\u00adse en sol mineur (1817) 3\u2032.<\/p>\n<p>F. CHOPIN : Ron\u00addo op. 1 (1825) 8\u2032.<\/p>\n<p>G. LAWSON (*1931) : Sona\u00adti\u00adne n\u00b0 2 (1994, rev. 2013) 9\u2032 9\u2032&nbsp;9<\/p>\n<p>Alle\u00adgro grazioso<\/p>\n<p>Len\u00adto sos\u00adten\u00aduto e&nbsp;amabile<\/p>\n<p>Alle\u00adgro scherzando<\/p>\n<p>F. CHOPIN : Val\u00adse en ut # m&nbsp;op. 64 no. 2 (1847) 4\u2032.<\/p>\n<p>F. CHOPIN : Scher\u00adzo n\u00b0 3&nbsp;op. 39 (1839) 7\u2032.<\/p>\n<p>PAUSE -<\/p>\n<p>F. CHOPIN : Masur\u00adka op. 24 no. 4 (1836) 5\u2032 5\u2032 PAUSE \u2013 F. CHOPIN : Masur\u00adka op. 24 no. 4 (1836) 5\u2032 5\u2032&nbsp;5<\/p>\n<p>F. CHOPIN : Noc\u00adturne op. 9&nbsp;no. 2 (1831) 3\u2032 \u2013 F. CHOPIN : Noc\u00adturne op. 9&nbsp;no. 2 (1831) 3\u2032 \u2013 F. CHOPIN : Noc\u00adturne op. 9&nbsp;no. 2 (1831) 3\u2032<\/p>\n<p>F. CHOPIN : Fan\u00adtai\u00adsie \u2013 Impromp\u00adtu op. post. 66 (1835) 5\u2032<\/p>\n<p>G. LAWSON : Six Baga\u00adtel\u00adles (2019) 13\u2032&nbsp;13<\/p>\n<p>Pr\u00e9\u00adlude<\/p>\n<p>Menuet<\/p>\n<p>Scher\u00adzi\u00adno<\/p>\n<p>M\u00e9lo\u00addie<\/p>\n<p>Chan\u00adson populaire<\/p>\n<p>\u00c9pi\u00adlo\u00adgue<\/p>\n<p>F. CHOPIN : Polo\u00adnai\u00adse \u201cEroi\u00adca\u201d op. 53 (1842) 6\u2032.<\/p>\n<p><strong>CLAUDIO CARB\u00d3 MONTANER, PIANO<\/strong><\/p>\n","protected":false},"excerpt":{"rendered":"<p>Vous entendrez le c\u00e9l\u00e8b\u00adre pia\u00adnis\u00adte et sp\u00e9\u00adcia\u00adlis\u00adte de Cho\u00adpin Clau\u00addio Car\u00adb\u00f3 au pia\u00adno. La soi\u00adr\u00e9e est enti\u00e8\u00adre\u00adment pla\u00adc\u00e9e sous la devi\u00adse : \u201cPo\u00e9\u00adsie au&nbsp;pia\u00adno\u201d. R\u00c9CITAL D\u00c9NIA 23 F\u00c9VRIER 2024 \u201cPo\u00e9\u00adsie au&nbsp;pia\u00adno\u201d. PROGRAMME F. CHOPIN (1810\u22121849) : Polo\u00adnai\u00adse en sol mineur (1817) 3\u2032. F. CHOPIN : Ron\u00addo op. 1 (1825) 8\u2032. G. LAWSON (*1931) : Sonatine&nbsp;[\u2026]<\/p>\n","protected":false},"featured_media":5268,"template":"","meta":{"wp_typography_post_enhancements_disabled":false,"ngg_post_thumbnail":0},"product_brand":[],"product_cat":[],"product_tag":[],"class_list":{"0":"post-5274","1":"product","2":"type-product","3":"status-publish","4":"has-post-thumbnail","7":"first","8":"instock","9":"virtual","10":"taxable","11":"purchasable","12":"product-type-simple"},"yoast_head":"<!-- This site is optimized with the Yoast SEO plugin v27.3 - https:\/\/yoast.com\/product\/yoast-seo-wordpress\/ -->\n<title>Claudio Carb\u00f3 au piano - Konzertfreunde Costa Blanca<\/title>\n<meta name=\"robots\" content=\"index, follow, max-snippet:-1, max-image-preview:large, max-video-preview:-1\" \/>\n<link rel=\"canonical\" href=\"https:\/\/konzertfreunde.com\/fr\/produkt\/claudio-carbo-au-piano\/\" \/>\n<meta property=\"og:locale\" content=\"fr_FR\" \/>\n<meta property=\"og:type\" content=\"article\" \/>\n<meta property=\"og:title\" content=\"Claudio Carb\u00f3 au piano - Konzertfreunde Costa Blanca\" \/>\n<meta property=\"og:description\" content=\"Vous entendrez le c\u00e9l\u00e8bre pianiste et sp\u00e9cialiste de Chopin Claudio Carb\u00f3 au piano. La soir\u00e9e est enti\u00e8rement plac\u00e9e sous la devise : \u201cPo\u00e9sie au&nbsp;piano\u201d. R\u00c9CITAL D\u00c9NIA 23 F\u00c9VRIER 2024 \u201cPo\u00e9sie au&nbsp;piano\u201d. PROGRAMME F. CHOPIN (1810\u22121849) : Polo\u00adnai\u00adse en sol mineur (1817) 3\u2032. F. CHOPIN : Ron\u00addo op. 1 (1825) 8\u2032. G. LAWSON (*1931) : Sona\u00adti\u00adne [&hellip;]\" \/>\n<meta property=\"og:url\" content=\"https:\/\/konzertfreunde.com\/fr\/produkt\/claudio-carbo-au-piano\/\" \/>\n<meta property=\"og:site_name\" content=\"Konzertfreunde Costa Blanca\" \/>\n<meta property=\"article:publisher\" content=\"https:\/\/www.facebook.com\/groups\/konzertfreundecostablanca\" \/>\n<meta property=\"article:modified_time\" content=\"2024-01-26T18:20:25+00:00\" \/>\n<meta property=\"og:image\" content=\"https:\/\/konzertfreunde.com\/wp-content\/uploads\/2024\/01\/240223_Cartell-concert-Denia-Classics_febrer-724x1024.png\" \/>\n\t<meta property=\"og:image:width\" content=\"724\" \/>\n\t<meta property=\"og:image:height\" content=\"1024\" \/>\n\t<meta property=\"og:image:type\" content=\"image\/png\" \/>\n<meta name=\"twitter:card\" content=\"summary_large_image\" \/>\n<meta name=\"twitter:label1\" content=\"Dur\u00e9e de lecture estim\u00e9e\" \/>\n\t<meta name=\"twitter:data1\" content=\"1 minute\" \/>\n<script type=\"application\/ld+json\" class=\"yoast-schema-graph\">{\"@context\":\"https:\\\/\\\/schema.org\",\"@graph\":[{\"@type\":\"WebPage\",\"@id\":\"https:\\\/\\\/konzertfreunde.com\\\/fr\\\/produkt\\\/claudio-carbo-au-piano\\\/\",\"url\":\"https:\\\/\\\/konzertfreunde.com\\\/fr\\\/produkt\\\/claudio-carbo-au-piano\\\/\",\"name\":\"Claudio Carb\u00f3 au piano - Konzertfreunde Costa Blanca\",\"isPartOf\":{\"@id\":\"https:\\\/\\\/konzertfreunde.com\\\/fr\\\/#website\"},\"primaryImageOfPage\":{\"@id\":\"https:\\\/\\\/konzertfreunde.com\\\/fr\\\/produkt\\\/claudio-carbo-au-piano\\\/#primaryimage\"},\"image\":{\"@id\":\"https:\\\/\\\/konzertfreunde.com\\\/fr\\\/produkt\\\/claudio-carbo-au-piano\\\/#primaryimage\"},\"thumbnailUrl\":\"https:\\\/\\\/konzertfreunde.com\\\/wp-content\\\/uploads\\\/2024\\\/01\\\/240223_Cartell-concert-Denia-Classics_febrer.png\",\"datePublished\":\"2024-01-26T18:15:42+00:00\",\"dateModified\":\"2024-01-26T18:20:25+00:00\",\"breadcrumb\":{\"@id\":\"https:\\\/\\\/konzertfreunde.com\\\/fr\\\/produkt\\\/claudio-carbo-au-piano\\\/#breadcrumb\"},\"inLanguage\":\"fr-FR\",\"potentialAction\":[{\"@type\":\"ReadAction\",\"target\":[\"https:\\\/\\\/konzertfreunde.com\\\/fr\\\/produkt\\\/claudio-carbo-au-piano\\\/\"]}]},{\"@type\":\"ImageObject\",\"inLanguage\":\"fr-FR\",\"@id\":\"https:\\\/\\\/konzertfreunde.com\\\/fr\\\/produkt\\\/claudio-carbo-au-piano\\\/#primaryimage\",\"url\":\"https:\\\/\\\/konzertfreunde.com\\\/wp-content\\\/uploads\\\/2024\\\/01\\\/240223_Cartell-concert-Denia-Classics_febrer.png\",\"contentUrl\":\"https:\\\/\\\/konzertfreunde.com\\\/wp-content\\\/uploads\\\/2024\\\/01\\\/240223_Cartell-concert-Denia-Classics_febrer.png\",\"width\":3507,\"height\":4960},{\"@type\":\"BreadcrumbList\",\"@id\":\"https:\\\/\\\/konzertfreunde.com\\\/fr\\\/produkt\\\/claudio-carbo-au-piano\\\/#breadcrumb\",\"itemListElement\":[{\"@type\":\"ListItem\",\"position\":1,\"name\":\"Startseite\",\"item\":\"https:\\\/\\\/konzertfreunde.com\\\/fr\\\/accueil\\\/\"},{\"@type\":\"ListItem\",\"position\":2,\"name\":\"Boutique\",\"item\":\"https:\\\/\\\/konzertfreunde.com\\\/fr\\\/boutique\\\/\"},{\"@type\":\"ListItem\",\"position\":3,\"name\":\"Claudio Carb\u00f3 au piano\"}]},{\"@type\":\"WebSite\",\"@id\":\"https:\\\/\\\/konzertfreunde.com\\\/fr\\\/#website\",\"url\":\"https:\\\/\\\/konzertfreunde.com\\\/fr\\\/\",\"name\":\"Konzertfreunde Costa Blanca\",\"description\":\"Kultur an der Costa Blanca\",\"publisher\":{\"@id\":\"https:\\\/\\\/konzertfreunde.com\\\/fr\\\/#organization\"},\"potentialAction\":[{\"@type\":\"SearchAction\",\"target\":{\"@type\":\"EntryPoint\",\"urlTemplate\":\"https:\\\/\\\/konzertfreunde.com\\\/fr\\\/?s={search_term_string}\"},\"query-input\":{\"@type\":\"PropertyValueSpecification\",\"valueRequired\":true,\"valueName\":\"search_term_string\"}}],\"inLanguage\":\"fr-FR\"},{\"@type\":\"Organization\",\"@id\":\"https:\\\/\\\/konzertfreunde.com\\\/fr\\\/#organization\",\"name\":\"Konzertfreunde Costa Blanca\",\"url\":\"https:\\\/\\\/konzertfreunde.com\\\/fr\\\/\",\"logo\":{\"@type\":\"ImageObject\",\"inLanguage\":\"fr-FR\",\"@id\":\"https:\\\/\\\/konzertfreunde.com\\\/fr\\\/#\\\/schema\\\/logo\\\/image\\\/\",\"url\":\"https:\\\/\\\/konzertfreunde.com\\\/wp-content\\\/uploads\\\/2021\\\/09\\\/weblogo.jpg\",\"contentUrl\":\"https:\\\/\\\/konzertfreunde.com\\\/wp-content\\\/uploads\\\/2021\\\/09\\\/weblogo.jpg\",\"width\":500,\"height\":146,\"caption\":\"Konzertfreunde Costa Blanca\"},\"image\":{\"@id\":\"https:\\\/\\\/konzertfreunde.com\\\/fr\\\/#\\\/schema\\\/logo\\\/image\\\/\"},\"sameAs\":[\"https:\\\/\\\/www.facebook.com\\\/groups\\\/konzertfreundecostablanca\"]}]}<\/script>\n<!-- \/ Yoast SEO plugin. -->","yoast_head_json":{"title":"Claudio Carb\u00f3 au piano - Konzertfreunde Costa Blanca","robots":{"index":"index","follow":"follow","max-snippet":"max-snippet:-1","max-image-preview":"max-image-preview:large","max-video-preview":"max-video-preview:-1"},"canonical":"https:\/\/konzertfreunde.com\/fr\/produkt\/claudio-carbo-au-piano\/","og_locale":"fr_FR","og_type":"article","og_title":"Claudio Carb\u00f3 au piano - Konzertfreunde Costa Blanca","og_description":"Vous entendrez le c\u00e9l\u00e8bre pianiste et sp\u00e9cialiste de Chopin Claudio Carb\u00f3 au piano. La soir\u00e9e est enti\u00e8rement plac\u00e9e sous la devise : \u201cPo\u00e9sie au&nbsp;piano\u201d. R\u00c9CITAL D\u00c9NIA 23 F\u00c9VRIER 2024 \u201cPo\u00e9sie au&nbsp;piano\u201d. PROGRAMME F. CHOPIN (1810\u22121849) : Polo\u00adnai\u00adse en sol mineur (1817) 3\u2032. F. CHOPIN : Ron\u00addo op. 1 (1825) 8\u2032. G. LAWSON (*1931) : Sona\u00adti\u00adne [&hellip;]","og_url":"https:\/\/konzertfreunde.com\/fr\/produkt\/claudio-carbo-au-piano\/","og_site_name":"Konzertfreunde Costa Blanca","article_publisher":"https:\/\/www.facebook.com\/groups\/konzertfreundecostablanca","article_modified_time":"2024-01-26T18:20:25+00:00","og_image":[{"width":724,"height":1024,"url":"https:\/\/konzertfreunde.com\/wp-content\/uploads\/2024\/01\/240223_Cartell-concert-Denia-Classics_febrer-724x1024.png","type":"image\/png"}],"twitter_card":"summary_large_image","twitter_misc":{"Dur\u00e9e de lecture estim\u00e9e":"1 minute"},"schema":{"@context":"https:\/\/schema.org","@graph":[{"@type":"WebPage","@id":"https:\/\/konzertfreunde.com\/fr\/produkt\/claudio-carbo-au-piano\/","url":"https:\/\/konzertfreunde.com\/fr\/produkt\/claudio-carbo-au-piano\/","name":"Claudio Carb\u00f3 au piano - Konzertfreunde Costa Blanca","isPartOf":{"@id":"https:\/\/konzertfreunde.com\/fr\/#website"},"primaryImageOfPage":{"@id":"https:\/\/konzertfreunde.com\/fr\/produkt\/claudio-carbo-au-piano\/#primaryimage"},"image":{"@id":"https:\/\/konzertfreunde.com\/fr\/produkt\/claudio-carbo-au-piano\/#primaryimage"},"thumbnailUrl":"https:\/\/konzertfreunde.com\/wp-content\/uploads\/2024\/01\/240223_Cartell-concert-Denia-Classics_febrer.png","datePublished":"2024-01-26T18:15:42+00:00","dateModified":"2024-01-26T18:20:25+00:00","breadcrumb":{"@id":"https:\/\/konzertfreunde.com\/fr\/produkt\/claudio-carbo-au-piano\/#breadcrumb"},"inLanguage":"fr-FR","potentialAction":[{"@type":"ReadAction","target":["https:\/\/konzertfreunde.com\/fr\/produkt\/claudio-carbo-au-piano\/"]}]},{"@type":"ImageObject","inLanguage":"fr-FR","@id":"https:\/\/konzertfreunde.com\/fr\/produkt\/claudio-carbo-au-piano\/#primaryimage","url":"https:\/\/konzertfreunde.com\/wp-content\/uploads\/2024\/01\/240223_Cartell-concert-Denia-Classics_febrer.png","contentUrl":"https:\/\/konzertfreunde.com\/wp-content\/uploads\/2024\/01\/240223_Cartell-concert-Denia-Classics_febrer.png","width":3507,"height":4960},{"@type":"BreadcrumbList","@id":"https:\/\/konzertfreunde.com\/fr\/produkt\/claudio-carbo-au-piano\/#breadcrumb","itemListElement":[{"@type":"ListItem","position":1,"name":"Startseite","item":"https:\/\/konzertfreunde.com\/fr\/accueil\/"},{"@type":"ListItem","position":2,"name":"Boutique","item":"https:\/\/konzertfreunde.com\/fr\/boutique\/"},{"@type":"ListItem","position":3,"name":"Claudio Carb\u00f3 au piano"}]},{"@type":"WebSite","@id":"https:\/\/konzertfreunde.com\/fr\/#website","url":"https:\/\/konzertfreunde.com\/fr\/","name":"Konzertfreunde Costa Blanca","description":"Kultur an der Costa Blanca","publisher":{"@id":"https:\/\/konzertfreunde.com\/fr\/#organization"},"potentialAction":[{"@type":"SearchAction","target":{"@type":"EntryPoint","urlTemplate":"https:\/\/konzertfreunde.com\/fr\/?s={search_term_string}"},"query-input":{"@type":"PropertyValueSpecification","valueRequired":true,"valueName":"search_term_string"}}],"inLanguage":"fr-FR"},{"@type":"Organization","@id":"https:\/\/konzertfreunde.com\/fr\/#organization","name":"Konzertfreunde Costa Blanca","url":"https:\/\/konzertfreunde.com\/fr\/","logo":{"@type":"ImageObject","inLanguage":"fr-FR","@id":"https:\/\/konzertfreunde.com\/fr\/#\/schema\/logo\/image\/","url":"https:\/\/konzertfreunde.com\/wp-content\/uploads\/2021\/09\/weblogo.jpg","contentUrl":"https:\/\/konzertfreunde.com\/wp-content\/uploads\/2021\/09\/weblogo.jpg","width":500,"height":146,"caption":"Konzertfreunde Costa Blanca"},"image":{"@id":"https:\/\/konzertfreunde.com\/fr\/#\/schema\/logo\/image\/"},"sameAs":["https:\/\/www.facebook.com\/groups\/konzertfreundecostablanca"]}]}},"_links":{"self":[{"href":"https:\/\/konzertfreunde.com\/fr\/wp-json\/wp\/v2\/product\/5274","targetHints":{"allow":["GET"]}}],"collection":[{"href":"https:\/\/konzertfreunde.com\/fr\/wp-json\/wp\/v2\/product"}],"about":[{"href":"https:\/\/konzertfreunde.com\/fr\/wp-json\/wp\/v2\/types\/product"}],"wp:featuredmedia":[{"embeddable":true,"href":"https:\/\/konzertfreunde.com\/fr\/wp-json\/wp\/v2\/media\/5268"}],"wp:attachment":[{"href":"https:\/\/konzertfreunde.com\/fr\/wp-json\/wp\/v2\/media?parent=5274"}],"wp:term":[{"taxonomy":"product_brand","embeddable":true,"href":"https:\/\/konzertfreunde.com\/fr\/wp-json\/wp\/v2\/product_brand?post=5274"},{"taxonomy":"product_cat","embeddable":true,"href":"https:\/\/konzertfreunde.com\/fr\/wp-json\/wp\/v2\/product_cat?post=5274"},{"taxonomy":"product_tag","embeddable":true,"href":"https:\/\/konzertfreunde.com\/fr\/wp-json\/wp\/v2\/product_tag?post=5274"}],"curies":[{"name":"wp","href":"https:\/\/api.w.org\/{rel}","templated":true}]}}